{"id":21,"date":"2015-12-08T08:31:23","date_gmt":"2015-12-08T08:31:23","guid":{"rendered":"https:\/\/kmet.brandinum.agency\/?page_id=21"},"modified":"2024-07-04T15:20:42","modified_gmt":"2024-07-04T12:20:42","slug":"tootmine","status":"publish","type":"page","link":"https:\/\/kmet.brandinum.agency\/et\/tootmine\/","title":{"rendered":"Tootmine"},"content":{"rendered":"<div class=\"wpb-content-wrapper\"><p>[vc_row css=&#8221;.vc_custom_1571781721087{padding-top: 60px !important;padding-bottom: 40px !important;background-image: url(https:\/\/kmet.brandinum.agency\/wp-content\/uploads\/2019\/10\/net_01.svg?id=2731) !important;background-position: 0 0 !important;background-repeat: no-repeat !important;}&#8221;][vc_column][vc_row_inner container_type=&#8221;fluid&#8221;][vc_column_inner width=&#8221;1\/3&#8243;][vc_column_text]<\/p>\n<h1>TOOTMINE<\/h1>\n<p>[\/vc_column_text][vc_separator color=&#8221;custom&#8221; align=&#8221;align_left&#8221; border_width=&#8221;3&#8243; el_width=&#8221;20&#8243; accent_color=&#8221;#e31726&#8243;][\/vc_column_inner][vc_column_inner width=&#8221;1\/3&#8243;][vc_column_text]Valmistame \u00e4riklientidele <strong>terastraadist<\/strong>\u00a0ja\u00a0<strong>roostevabast terastraadist<\/strong> tooteid (keevisv\u00f5rgud, korvid, m\u00fc\u00fcgiriiulid, kaupluste sisustus, painutatud 3D traattooted, konteinerid, k\u00e4rud jm.).[\/vc_column_text][\/vc_column_inner][vc_column_inner width=&#8221;1\/3&#8243;][vc_column_text]<\/p>\n<p class=\"tekst\">Vajadusel lisame <strong>torust<\/strong> ja <strong>lehtmetallist<\/strong> <strong>detaile<\/strong>. Toodete pinnaviimistluseks pakume <strong>pulberv\u00e4rvimist<\/strong> ning sisseostetud teenusena <strong>galvaanilist<\/strong>&#8211; ja <strong>kuumtsinkimist<\/strong>.<\/p>\n<p>[\/vc_column_text][\/vc_column_inner][\/vc_row_inner][\/vc_column][\/vc_row][vc_row full_width=&#8221;stretch_row&#8221; css=&#8221;.vc_custom_1569147619254{border-top-width: 0px !important;border-right-width: 0px !important;border-left-width: 0px !important;padding-top: 40px !important;padding-bottom: 0px !important;background-color: #eef4ff !important;border-left-color: #e31726 !important;border-left-style: solid !important;border-right-color: #e31726 !important;border-right-style: solid !important;border-top-color: #e31726 !important;border-top-style: solid !important;}&#8221;][vc_column][lab_portfolio_items category_filter=&#8221;no&#8221; columns=&#8221;4&#8243; reveal_effect=&#8221;none&#8221; portfolio_query=&#8221;size:12|order_by:menu_order|order:ASC|post_type:page|by_id:375,341,44,51,56,60,64,69&#8243;][vc_row_inner container_type=&#8221;fluid&#8221; content_placement=&#8221;top&#8221; css=&#8221;.vc_custom_1569154984817{padding-top: 30px !important;padding-bottom: 50px !important;}&#8221;][vc_column_inner width=&#8221;1\/2&#8243;][\/vc_column_inner][vc_column_inner width=&#8221;1\/4&#8243;][\/vc_column_inner][\/vc_row_inner][\/vc_column][\/vc_row]<\/p>\n<\/div>","protected":false},"excerpt":{"rendered":"<p>[vc_row css=&#8221;.vc_custom_1571781721087{padding-top: 60px !important;padding-bottom: 40px !important;background-image: url(https:\/\/kmet.brandinum.agency\/wp-content\/uploads\/2019\/10\/net_01.svg?id=2731) !important;background-position: 0 0 !important;background-repeat: no-repeat !important;}&#8221;][vc_column][vc_row_inner container_type=&#8221;fluid&#8221;][vc_column_inner width=&#8221;1\/3&#8243;][vc_column_text] TOOTMINE [\/vc_column_text][vc_separator color=&#8221;custom&#8221; align=&#8221;align_left&#8221; border_width=&#8221;3&#8243; el_width=&#8221;20&#8243; accent_color=&#8221;#e31726&#8243;][\/vc_column_inner][vc_column_inner width=&#8221;1\/3&#8243;][vc_column_text]Valmistame \u00e4riklientidele terastraadist\u00a0ja\u00a0roostevabast terastraadist tooteid (keevisv\u00f5rgud, korvid, m\u00fc\u00fcgiriiulid, kaupluste sisustus, painutatud 3D traattooted, konteinerid, k\u00e4rud jm.).[\/vc_column_text][\/vc_column_inner][vc_column_inner width=&#8221;1\/3&#8243;][vc_column_text] Vajadusel lisame torust ja lehtmetallist detaile. Toodete pinnaviimistluseks pakume pulberv\u00e4rvimist ning sisseostetud teenusena galvaanilist&#8211; ja kuumtsinkimist.&hellip;<\/p>\n","protected":false},"author":2,"featured_media":0,"parent":0,"menu_order":0,"comment_status":"closed","ping_status":"closed","template":"","meta":{"_acf_changed":false,"footnotes":""},"acf":[],"_links":{"self":[{"href":"https:\/\/kmet.brandinum.agency\/et\/wp-json\/wp\/v2\/pages\/21"}],"collection":[{"href":"https:\/\/kmet.brandinum.agency\/et\/wp-json\/wp\/v2\/pages"}],"about":[{"href":"https:\/\/kmet.brandinum.agency\/et\/wp-json\/wp\/v2\/types\/page"}],"author":[{"embeddable":true,"href":"https:\/\/kmet.brandinum.agency\/et\/wp-json\/wp\/v2\/users\/2"}],"replies":[{"embeddable":true,"href":"https:\/\/kmet.brandinum.agency\/et\/wp-json\/wp\/v2\/comments?post=21"}],"version-history":[{"count":110,"href":"https:\/\/kmet.brandinum.agency\/et\/wp-json\/wp\/v2\/pages\/21\/revisions"}],"predecessor-version":[{"id":3373,"href":"https:\/\/kmet.brandinum.agency\/et\/wp-json\/wp\/v2\/pages\/21\/revisions\/3373"}],"wp:attachment":[{"href":"https:\/\/kmet.brandinum.agency\/et\/wp-json\/wp\/v2\/media?parent=21"}],"curies":[{"name":"wp","href":"https:\/\/api.w.org\/{rel}","templated":true}]}}