{"id":51,"date":"2015-12-07T09:24:26","date_gmt":"2015-12-07T07:24:26","guid":{"rendered":"https:\/\/kmet.brandinum.agency\/?page_id=51"},"modified":"2020-09-17T21:36:09","modified_gmt":"2020-09-17T18:36:09","slug":"toormaterjal-2","status":"publish","type":"page","link":"https:\/\/kmet.brandinum.agency\/et\/tootmine\/toormaterjal-2\/","title":{"rendered":"Toormaterjal"},"content":{"rendered":"<div class=\"wpb-content-wrapper\"><p>[vc_row css=&#8221;.vc_custom_1571781721087{padding-top: 60px !important;padding-bottom: 40px !important;background-image: url(https:\/\/kmet.brandinum.agency\/wp-content\/uploads\/2019\/10\/net_01.svg?id=2731) !important;background-position: 0 0 !important;background-repeat: no-repeat !important;}&#8221;][vc_column][vc_row_inner container_type=&#8221;fluid&#8221;][vc_column_inner width=&#8221;1\/2&#8243;][vc_column_text]<\/p>\n<h1>Toormaterjal<\/h1>\n<p>[\/vc_column_text][vc_separator color=&#8221;custom&#8221; align=&#8221;align_left&#8221; border_width=&#8221;3&#8243; el_width=&#8221;10&#8243; accent_color=&#8221;#e31726&#8243;][vc_column_text]<\/p>\n<p class=\"tekst\"><strong style=\"font-size: 1.2em; color: #313363;\">Kasutame<\/strong>:<\/p>\n<ul class=\"tekst\">\n<li class=\"tekst\">Terastraati l\u00e4bim\u00f5\u00f5duga 1,6-10mm<\/li>\n<\/ul>\n<ul class=\"tekst\">\n<li class=\"tekst\">Roostevaba terasest traati l\u00e4bim\u00f5\u00f5duga 2-8mm<\/li>\n<\/ul>\n<ul class=\"tekst\">\n<li class=\"tekst\">M\u00f6\u00f6blitoru<\/li>\n<\/ul>\n<ul class=\"tekst\">\n<li class=\"tekst\">K\u00fclmvaltsplekki paksusega 0,8-3mm<\/li>\n<\/ul>\n<ul class=\"tekst\">\n<li class=\"tekst\">Toodangu komplekteerime ka vajalike lisadega &#8211; plastpunnid, rattad jne<\/li>\n<\/ul>\n<p>[\/vc_column_text][\/vc_column_inner][vc_column_inner width=&#8221;1\/2&#8243;]\n\t\t\t<!-- START Slider Tootmine  Toormaterjal REVOLUTION SLIDER 6.7.13 --><p class=\"rs-p-wp-fix\"><\/p>\n\t\t\t<rs-module-wrap id=\"rev_slider_7_1_wrapper\" data-source=\"gallery\" style=\"visibility:hidden;background:#eef4ff;padding:0;margin:0px auto;margin-top:0;margin-bottom:0;\">\n\t\t\t\t<rs-module id=\"rev_slider_7_1\" style=\"\" data-version=\"6.7.13\">\n\t\t\t\t\t<rs-slides style=\"overflow: hidden; position: absolute;\">\n\t\t\t\t\t\t<rs-slide style=\"position: absolute;\" data-key=\"rs-74\" data-title=\"Slide\" data-duration=\"4500\" data-anim=\"ms:500;r:0;\" data-in=\"o:0;\" data-out=\"a:false;\">\n\t\t\t\t\t\t\t<img decoding=\"async\" src=\"\/\/kmet.brandinum.agency\/wp-content\/plugins\/revslider\/sr6\/assets\/assets\/dummy.png\" alt=\"\" title=\"Toormaterjal Foto Olev Mihkelmaa_123\" width=\"1000\" height=\"667\" class=\"rev-slidebg tp-rs-img rs-lazyload\" data-lazyload=\"\/\/kmet.brandinum.agency\/wp-content\/uploads\/2020\/08\/Toormaterjal-Foto-Olev-Mihkelmaa_123.jpg\" data-parallax=\"14\" data-panzoom=\"d:10000;e:power1.out;ss:120%;se:100;\" data-no-retina>\n<!---->\t\t\t\t\t<\/rs-slide>\n\t\t\t\t\t\t<rs-slide style=\"position: absolute;\" data-key=\"rs-66\" data-title=\"Slide\" data-duration=\"4500\" data-anim=\"ms:500;r:0;\" data-in=\"o:0;\" data-out=\"a:false;\">\n\t\t\t\t\t\t\t<img decoding=\"async\" src=\"\/\/kmet.brandinum.agency\/wp-content\/plugins\/revslider\/sr6\/assets\/assets\/dummy.png\" alt=\"\" title=\"Foto Olev Mihkelmaa_043\" width=\"1000\" height=\"667\" class=\"rev-slidebg tp-rs-img rs-lazyload\" data-lazyload=\"\/\/kmet.brandinum.agency\/wp-content\/uploads\/2020\/09\/Foto-Olev-Mihkelmaa_043.jpg\" data-parallax=\"14\" data-panzoom=\"d:10000;e:power1.out;ss:120%;se:100;\" data-no-retina>\n<!---->\t\t\t\t\t<\/rs-slide>\n\t\t\t\t\t\t<rs-slide style=\"position: absolute;\" data-key=\"rs-67\" data-title=\"Slide\" data-duration=\"4500\" data-anim=\"ms:500;r:0;\" data-in=\"o:0;\" data-out=\"a:false;\">\n\t\t\t\t\t\t\t<img decoding=\"async\" src=\"\/\/kmet.brandinum.agency\/wp-content\/plugins\/revslider\/sr6\/assets\/assets\/dummy.png\" alt=\"\" title=\"Foto Olev Mihkelmaa_086\" width=\"1000\" height=\"667\" class=\"rev-slidebg tp-rs-img rs-lazyload\" data-lazyload=\"\/\/kmet.brandinum.agency\/wp-content\/uploads\/2020\/09\/Foto-Olev-Mihkelmaa_086.jpg\" data-parallax=\"14\" data-panzoom=\"d:10000;e:power1.out;ss:120%;se:100;\" data-no-retina>\n<!---->\t\t\t\t\t<\/rs-slide>\n\t\t\t\t\t<\/rs-slides>\n\t\t\t\t<\/rs-module>\n\t\t\t\t<script>\n\t\t\t\t\tsetREVStartSize({c: 'rev_slider_7_1',rl:[1240,1024,768,480],el:[827,600,600,480],gw:[1240,1024,778,480],gh:[827,683,519,480],type:'standard',justify:'',layout:'fullwidth',mh:\"0\"});if (window.RS_MODULES!==undefined && window.RS_MODULES.modules!==undefined && window.RS_MODULES.modules[\"revslider71\"]!==undefined) {window.RS_MODULES.modules[\"revslider71\"].once = false;window.revapi7 = undefined;if (window.RS_MODULES.checkMinimal!==undefined) window.RS_MODULES.checkMinimal()}\n\t\t\t\t<\/script>\n\t\t\t<\/rs-module-wrap>\n\t\t\t<!-- END REVOLUTION SLIDER -->\n[\/vc_column_inner][\/vc_row_inner][\/vc_column][\/vc_row][vc_row full_width=&#8221;stretch_row&#8221; css=&#8221;.vc_custom_1571786605336{border-top-width: 0px !important;border-right-width: 0px !important;border-left-width: 0px !important;padding-top: 0px !important;padding-bottom: 20px !important;background-color: #eef4ff !important;border-left-color: #e31726 !important;border-left-style: solid !important;border-right-color: #e31726 !important;border-right-style: solid !important;border-top-color: #e31726 !important;border-top-style: solid !important;}&#8221;][vc_column][lab_portfolio_items category_filter=&#8221;no&#8221; columns=&#8221;6&#8243; reveal_effect=&#8221;none&#8221; portfolio_query=&#8221;size:12|order_by:menu_order|order:ASC|post_type:page|by_id:375,341,44,51,56,60,64,69&#8243;][\/vc_column][\/vc_row]<\/p>\n<\/div>","protected":false},"excerpt":{"rendered":"<p>[vc_row css=&#8221;.vc_custom_1571781721087{padding-top: 60px !important;padding-bottom: 40px !important;background-image: url(https:\/\/kmet.brandinum.agency\/wp-content\/uploads\/2019\/10\/net_01.svg?id=2731) !important;background-position: 0 0 !important;background-repeat: no-repeat !important;}&#8221;][vc_column][vc_row_inner container_type=&#8221;fluid&#8221;][vc_column_inner width=&#8221;1\/2&#8243;][vc_column_text] Toormaterjal [\/vc_column_text][vc_separator color=&#8221;custom&#8221; align=&#8221;align_left&#8221; border_width=&#8221;3&#8243; el_width=&#8221;10&#8243; accent_color=&#8221;#e31726&#8243;][vc_column_text] Kasutame: Terastraati l\u00e4bim\u00f5\u00f5duga 1,6-10mm Roostevaba terasest traati l\u00e4bim\u00f5\u00f5duga 2-8mm M\u00f6\u00f6blitoru K\u00fclmvaltsplekki paksusega 0,8-3mm Toodangu komplekteerime ka vajalike lisadega &#8211; plastpunnid, rattad jne [\/vc_column_text][\/vc_column_inner][vc_column_inner width=&#8221;1\/2&#8243;][\/vc_column_inner][\/vc_row_inner][\/vc_column][\/vc_row][vc_row full_width=&#8221;stretch_row&#8221; css=&#8221;.vc_custom_1571786605336{border-top-width: 0px !important;border-right-width: 0px !important;border-left-width: 0px !important;padding-top: 0px&hellip;<\/p>\n","protected":false},"author":2,"featured_media":2925,"parent":21,"menu_order":0,"comment_status":"closed","ping_status":"closed","template":"","meta":{"_acf_changed":false,"footnotes":""},"acf":[],"_links":{"self":[{"href":"https:\/\/kmet.brandinum.agency\/et\/wp-json\/wp\/v2\/pages\/51"}],"collection":[{"href":"https:\/\/kmet.brandinum.agency\/et\/wp-json\/wp\/v2\/pages"}],"about":[{"href":"https:\/\/kmet.brandinum.agency\/et\/wp-json\/wp\/v2\/types\/page"}],"author":[{"embeddable":true,"href":"https:\/\/kmet.brandinum.agency\/et\/wp-json\/wp\/v2\/users\/2"}],"replies":[{"embeddable":true,"href":"https:\/\/kmet.brandinum.agency\/et\/wp-json\/wp\/v2\/comments?post=51"}],"version-history":[{"count":31,"href":"https:\/\/kmet.brandinum.agency\/et\/wp-json\/wp\/v2\/pages\/51\/revisions"}],"predecessor-version":[{"id":3059,"href":"https:\/\/kmet.brandinum.agency\/et\/wp-json\/wp\/v2\/pages\/51\/revisions\/3059"}],"up":[{"embeddable":true,"href":"https:\/\/kmet.brandinum.agency\/et\/wp-json\/wp\/v2\/pages\/21"}],"wp:featuredmedia":[{"embeddable":true,"href":"https:\/\/kmet.brandinum.agency\/et\/wp-json\/wp\/v2\/media\/2925"}],"wp:attachment":[{"href":"https:\/\/kmet.brandinum.agency\/et\/wp-json\/wp\/v2\/media?parent=51"}],"curies":[{"name":"wp","href":"https:\/\/api.w.org\/{rel}","templated":true}]}}