{"id":60,"date":"2015-12-05T09:32:47","date_gmt":"2015-12-05T07:32:47","guid":{"rendered":"https:\/\/kmet.brandinum.agency\/?page_id=60"},"modified":"2020-09-17T21:37:41","modified_gmt":"2020-09-17T18:37:41","slug":"painutamine-2","status":"publish","type":"page","link":"https:\/\/kmet.brandinum.agency\/et\/tootmine\/painutamine-2\/","title":{"rendered":"Painutamine"},"content":{"rendered":"<div class=\"wpb-content-wrapper\"><p>[vc_row css=&#8221;.vc_custom_1571781721087{padding-top: 60px !important;padding-bottom: 40px !important;background-image: url(https:\/\/kmet.brandinum.agency\/wp-content\/uploads\/2019\/10\/net_01.svg?id=2731) !important;background-position: 0 0 !important;background-repeat: no-repeat !important;}&#8221;][vc_column][vc_row_inner container_type=&#8221;fluid&#8221;][vc_column_inner width=&#8221;1\/2&#8243;][vc_column_text]<\/p>\n<h1>Painutamine<\/h1>\n<p>[\/vc_column_text][vc_separator color=&#8221;custom&#8221; align=&#8221;align_left&#8221; border_width=&#8221;3&#8243; el_width=&#8221;10&#8243; accent_color=&#8221;#e31726&#8243;][vc_column_text]<\/p>\n<p class=\"tekst\">CNC juhtimisega painutuspingid \u2013 traadi l\u00e4bim\u00f5\u00f5t 2-10mm<\/p>\n<ul class=\"tekst\" style=\"color: #313363;\">\n<li><strong>PAVE &#8211; Huron 12<\/strong><\/li>\n<li><strong>PAVE &#8211; Huron 8<\/strong><\/li>\n<li><strong>PAVE &#8211; Micro 8<\/strong><\/li>\n<li><strong>WAFIOS &#8211; BM4<\/strong><\/li>\n<li><strong>NUMALLIANCE &#8211; ROBOMAC 208TF<\/strong><\/li>\n<\/ul>\n<h4><em><a style=\"color: #313363;\" href=\"http:\/\/www.pave-wire.com\/\" target=\"_blank\" rel=\"noopener noreferrer\">PAVE CNC Wire Forming Systems<\/a><\/em><\/h4>\n<h4><em><a href=\"https:\/\/www.wafios.com\/nc\/en\/machinery\/produktgruppe\/single-head-wire-benders\/\" target=\"_blank\" rel=\"noopener noreferrer\">WAFIOS BM-series<\/a><\/em><\/h4>\n<h4><em><a href=\"https:\/\/www.numalliance.com\/en\/machines\/robomac-tf-en\/\" target=\"_blank\" rel=\"noopener noreferrer\">NUMALLIANCE Robomac TF<\/a><\/em><\/h4>\n<div align=\"left\"><\/div>\n<div align=\"left\"><\/div>\n<div style=\"margin-bottom: 12px;\" align=\"left\">\n<p>&nbsp;<\/p>\n<\/div>\n<p class=\"tekst\">Painutuspressid \u2013 laius kuni 3m<\/p>\n<p class=\"tekst\">Ekstsentrikpressid \u2013 j\u00f5ud kuni 60T<\/p>\n<p class=\"tekst\">Horisontaalne profiilpainutuspink \u2013 j\u00f5ud 40T<\/p>\n<p>[\/vc_column_text][\/vc_column_inner][vc_column_inner width=&#8221;1\/2&#8243;]\n\t\t\t<!-- START Slider Tootmine  Painutamine REVOLUTION SLIDER 6.7.13 --><p class=\"rs-p-wp-fix\"><\/p>\n\t\t\t<rs-module-wrap id=\"rev_slider_10_1_wrapper\" data-source=\"gallery\" style=\"visibility:hidden;background:#eef4ff;padding:0;margin:0px auto;margin-top:0;margin-bottom:0;\">\n\t\t\t\t<rs-module id=\"rev_slider_10_1\" style=\"\" data-version=\"6.7.13\">\n\t\t\t\t\t<rs-slides style=\"overflow: hidden; position: absolute;\">\n\t\t\t\t\t\t<rs-slide style=\"position: absolute;\" data-key=\"rs-89\" data-title=\"Slide\" data-duration=\"4500\" data-anim=\"ms:500;r:0;\" data-in=\"o:0;\" data-out=\"a:false;\">\n\t\t\t\t\t\t\t<img decoding=\"async\" src=\"\/\/kmet.brandinum.agency\/wp-content\/plugins\/revslider\/sr6\/assets\/assets\/dummy.png\" alt=\"\" title=\"Painutamine Foto Olev Mihkelmaa_098\" width=\"940\" height=\"626\" class=\"rev-slidebg tp-rs-img rs-lazyload\" data-lazyload=\"\/\/kmet.brandinum.agency\/wp-content\/uploads\/2020\/08\/Painutamine-Foto-Olev-Mihkelmaa_098-1.jpg\" data-parallax=\"14\" data-panzoom=\"d:10000;e:power1.out;ss:120%;se:100;\" data-no-retina>\n<!---->\t\t\t\t\t<\/rs-slide>\n\t\t\t\t\t\t<rs-slide style=\"position: absolute;\" data-key=\"rs-87\" data-title=\"Slide\" data-duration=\"4500\" data-anim=\"ms:500;r:0;\" data-in=\"o:0;\" data-out=\"a:false;\">\n\t\t\t\t\t\t\t<img decoding=\"async\" src=\"\/\/kmet.brandinum.agency\/wp-content\/plugins\/revslider\/sr6\/assets\/assets\/dummy.png\" alt=\"\" title=\"Foto Olev Mihkelmaa_119\" width=\"1000\" height=\"667\" class=\"rev-slidebg tp-rs-img rs-lazyload\" data-lazyload=\"\/\/kmet.brandinum.agency\/wp-content\/uploads\/2020\/09\/Foto-Olev-Mihkelmaa_119.jpg\" data-parallax=\"14\" data-panzoom=\"d:10000;e:power1.out;ss:120%;se:100;\" data-no-retina>\n<!---->\t\t\t\t\t<\/rs-slide>\n\t\t\t\t\t\t<rs-slide style=\"position: absolute;\" data-key=\"rs-88\" data-title=\"Slide\" data-duration=\"4500\" data-anim=\"ms:500;r:0;\" data-in=\"o:0;\" data-out=\"a:false;\">\n\t\t\t\t\t\t\t<img decoding=\"async\" src=\"\/\/kmet.brandinum.agency\/wp-content\/plugins\/revslider\/sr6\/assets\/assets\/dummy.png\" alt=\"\" title=\"Foto Olev Mihkelmaa_101\" width=\"1000\" height=\"667\" class=\"rev-slidebg tp-rs-img rs-lazyload\" data-lazyload=\"\/\/kmet.brandinum.agency\/wp-content\/uploads\/2020\/09\/Foto-Olev-Mihkelmaa_101.jpg\" data-parallax=\"14\" data-panzoom=\"d:10000;e:power1.out;ss:120%;se:100;\" data-no-retina>\n<!---->\t\t\t\t\t<\/rs-slide>\n\t\t\t\t\t\t<rs-slide style=\"position: absolute;\" data-key=\"rs-90\" data-title=\"Slide\" data-duration=\"4500\" data-anim=\"ms:500;r:0;\" data-in=\"o:0;\" data-out=\"a:false;\">\n\t\t\t\t\t\t\t<img decoding=\"async\" src=\"\/\/kmet.brandinum.agency\/wp-content\/plugins\/revslider\/sr6\/assets\/assets\/dummy.png\" alt=\"\" title=\"Foto Olev Mihkelmaa_096\" width=\"1000\" height=\"667\" class=\"rev-slidebg tp-rs-img rs-lazyload\" data-lazyload=\"\/\/kmet.brandinum.agency\/wp-content\/uploads\/2020\/09\/Foto-Olev-Mihkelmaa_096.jpg\" data-parallax=\"14\" data-panzoom=\"d:10000;e:power1.out;ss:120%;se:100;\" data-no-retina>\n<!---->\t\t\t\t\t<\/rs-slide>\n\t\t\t\t\t\t<rs-slide style=\"position: absolute;\" data-key=\"rs-91\" data-title=\"Slide\" data-duration=\"4500\" data-anim=\"ms:500;r:0;\" data-in=\"o:0;\" data-out=\"a:false;\">\n\t\t\t\t\t\t\t<img decoding=\"async\" src=\"\/\/kmet.brandinum.agency\/wp-content\/plugins\/revslider\/sr6\/assets\/assets\/dummy.png\" alt=\"\" title=\"Foto Olev Mihkelmaa_040\" width=\"1000\" height=\"667\" class=\"rev-slidebg tp-rs-img rs-lazyload\" data-lazyload=\"\/\/kmet.brandinum.agency\/wp-content\/uploads\/2020\/09\/Foto-Olev-Mihkelmaa_040.jpg\" data-parallax=\"14\" data-panzoom=\"d:10000;e:power1.out;ss:120%;se:100;\" data-no-retina>\n<!---->\t\t\t\t\t<\/rs-slide>\n\t\t\t\t\t\t<rs-slide style=\"position: absolute;\" data-key=\"rs-92\" data-title=\"Slide\" data-duration=\"4500\" data-anim=\"ms:500;r:0;\" data-in=\"o:0;\" data-out=\"a:false;\">\n\t\t\t\t\t\t\t<img decoding=\"async\" src=\"\/\/kmet.brandinum.agency\/wp-content\/plugins\/revslider\/sr6\/assets\/assets\/dummy.png\" alt=\"\" title=\"Foto Olev Mihkelmaa_097\" width=\"1000\" height=\"667\" class=\"rev-slidebg tp-rs-img rs-lazyload\" data-lazyload=\"\/\/kmet.brandinum.agency\/wp-content\/uploads\/2020\/09\/Foto-Olev-Mihkelmaa_097.jpg\" data-parallax=\"14\" data-panzoom=\"d:10000;e:power1.out;ss:120%;se:100;\" data-no-retina>\n<!---->\t\t\t\t\t<\/rs-slide>\n\t\t\t\t\t\t<rs-slide style=\"position: absolute;\" data-key=\"rs-93\" data-title=\"Slide\" data-duration=\"4500\" data-anim=\"ms:500;r:0;\" data-in=\"o:0;\" data-out=\"a:false;\">\n\t\t\t\t\t\t\t<img decoding=\"async\" src=\"\/\/kmet.brandinum.agency\/wp-content\/plugins\/revslider\/sr6\/assets\/assets\/dummy.png\" alt=\"\" title=\"Foto Olev Mihkelmaa_116\" width=\"1000\" height=\"667\" class=\"rev-slidebg tp-rs-img rs-lazyload\" data-lazyload=\"\/\/kmet.brandinum.agency\/wp-content\/uploads\/2020\/09\/Foto-Olev-Mihkelmaa_116.jpg\" data-parallax=\"14\" data-panzoom=\"d:10000;e:power1.out;ss:120%;se:100;\" data-no-retina>\n<!---->\t\t\t\t\t<\/rs-slide>\n\t\t\t\t\t\t<rs-slide style=\"position: absolute;\" data-key=\"rs-94\" data-title=\"Slide\" data-duration=\"4500\" data-anim=\"ms:500;r:0;\" data-in=\"o:0;\" data-out=\"a:false;\">\n\t\t\t\t\t\t\t<img decoding=\"async\" src=\"\/\/kmet.brandinum.agency\/wp-content\/plugins\/revslider\/sr6\/assets\/assets\/dummy.png\" alt=\"\" title=\"Foto Olev Mihkelmaa_065\" width=\"1000\" height=\"667\" class=\"rev-slidebg tp-rs-img rs-lazyload\" data-lazyload=\"\/\/kmet.brandinum.agency\/wp-content\/uploads\/2020\/09\/Foto-Olev-Mihkelmaa_065.jpg\" data-parallax=\"14\" data-panzoom=\"d:10000;e:power1.out;ss:120%;se:100;\" data-no-retina>\n<!---->\t\t\t\t\t<\/rs-slide>\n\t\t\t\t\t<\/rs-slides>\n\t\t\t\t<\/rs-module>\n\t\t\t\t<script>\n\t\t\t\t\tsetREVStartSize({c: 'rev_slider_10_1',rl:[1240,1024,768,480],el:[827,600,600,480],gw:[1240,1024,778,480],gh:[827,683,519,480],type:'standard',justify:'',layout:'fullwidth',mh:\"0\"});if (window.RS_MODULES!==undefined && window.RS_MODULES.modules!==undefined && window.RS_MODULES.modules[\"revslider101\"]!==undefined) {window.RS_MODULES.modules[\"revslider101\"].once = false;window.revapi10 = undefined;if (window.RS_MODULES.checkMinimal!==undefined) window.RS_MODULES.checkMinimal()}\n\t\t\t\t<\/script>\n\t\t\t<\/rs-module-wrap>\n\t\t\t<!-- END REVOLUTION SLIDER -->\n[\/vc_column_inner][\/vc_row_inner][\/vc_column][\/vc_row][vc_row full_width=&#8221;stretch_row&#8221; css=&#8221;.vc_custom_1571786605336{border-top-width: 0px !important;border-right-width: 0px !important;border-left-width: 0px !important;padding-top: 0px !important;padding-bottom: 20px !important;background-color: #eef4ff !important;border-left-color: #e31726 !important;border-left-style: solid !important;border-right-color: #e31726 !important;border-right-style: solid !important;border-top-color: #e31726 !important;border-top-style: solid !important;}&#8221;][vc_column][lab_portfolio_items category_filter=&#8221;no&#8221; columns=&#8221;6&#8243; reveal_effect=&#8221;none&#8221; portfolio_query=&#8221;size:12|order_by:menu_order|order:ASC|post_type:page|by_id:375,341,44,51,56,60,64,69&#8243;][\/vc_column][\/vc_row]<\/p>\n<\/div>","protected":false},"excerpt":{"rendered":"<p>[vc_row css=&#8221;.vc_custom_1571781721087{padding-top: 60px !important;padding-bottom: 40px !important;background-image: url(https:\/\/kmet.brandinum.agency\/wp-content\/uploads\/2019\/10\/net_01.svg?id=2731) !important;background-position: 0 0 !important;background-repeat: no-repeat !important;}&#8221;][vc_column][vc_row_inner container_type=&#8221;fluid&#8221;][vc_column_inner width=&#8221;1\/2&#8243;][vc_column_text] Painutamine [\/vc_column_text][vc_separator color=&#8221;custom&#8221; align=&#8221;align_left&#8221; border_width=&#8221;3&#8243; el_width=&#8221;10&#8243; accent_color=&#8221;#e31726&#8243;][vc_column_text] CNC juhtimisega painutuspingid \u2013 traadi l\u00e4bim\u00f5\u00f5t 2-10mm PAVE &#8211; Huron 12 PAVE &#8211; Huron 8 PAVE &#8211; Micro 8 WAFIOS &#8211; BM4 NUMALLIANCE &#8211; ROBOMAC 208TF PAVE CNC Wire Forming Systems WAFIOS BM-series&hellip;<\/p>\n","protected":false},"author":2,"featured_media":2933,"parent":21,"menu_order":0,"comment_status":"closed","ping_status":"closed","template":"","meta":{"_acf_changed":false,"footnotes":""},"acf":[],"_links":{"self":[{"href":"https:\/\/kmet.brandinum.agency\/et\/wp-json\/wp\/v2\/pages\/60"}],"collection":[{"href":"https:\/\/kmet.brandinum.agency\/et\/wp-json\/wp\/v2\/pages"}],"about":[{"href":"https:\/\/kmet.brandinum.agency\/et\/wp-json\/wp\/v2\/types\/page"}],"author":[{"embeddable":true,"href":"https:\/\/kmet.brandinum.agency\/et\/wp-json\/wp\/v2\/users\/2"}],"replies":[{"embeddable":true,"href":"https:\/\/kmet.brandinum.agency\/et\/wp-json\/wp\/v2\/comments?post=60"}],"version-history":[{"count":49,"href":"https:\/\/kmet.brandinum.agency\/et\/wp-json\/wp\/v2\/pages\/60\/revisions"}],"predecessor-version":[{"id":3061,"href":"https:\/\/kmet.brandinum.agency\/et\/wp-json\/wp\/v2\/pages\/60\/revisions\/3061"}],"up":[{"embeddable":true,"href":"https:\/\/kmet.brandinum.agency\/et\/wp-json\/wp\/v2\/pages\/21"}],"wp:featuredmedia":[{"embeddable":true,"href":"https:\/\/kmet.brandinum.agency\/et\/wp-json\/wp\/v2\/media\/2933"}],"wp:attachment":[{"href":"https:\/\/kmet.brandinum.agency\/et\/wp-json\/wp\/v2\/media?parent=60"}],"curies":[{"name":"wp","href":"https:\/\/api.w.org\/{rel}","templated":true}]}}