{"id":64,"date":"2015-12-04T09:38:22","date_gmt":"2015-12-04T07:38:22","guid":{"rendered":"https:\/\/kmet.brandinum.agency\/?page_id=64"},"modified":"2020-11-05T15:32:04","modified_gmt":"2020-11-05T13:32:04","slug":"keevitamine-2","status":"publish","type":"page","link":"https:\/\/kmet.brandinum.agency\/et\/tootmine\/keevitamine-2\/","title":{"rendered":"Keevitamine"},"content":{"rendered":"<div class=\"wpb-content-wrapper\"><p>[vc_row css=&#8221;.vc_custom_1571781721087{padding-top: 60px !important;padding-bottom: 40px !important;background-image: url(https:\/\/kmet.brandinum.agency\/wp-content\/uploads\/2019\/10\/net_01.svg?id=2731) !important;background-position: 0 0 !important;background-repeat: no-repeat !important;}&#8221;][vc_column][vc_row_inner container_type=&#8221;fluid&#8221;][vc_column_inner width=&#8221;1\/2&#8243;][vc_column_text]<\/p>\n<h1>Keevitamine<\/h1>\n<p>[\/vc_column_text][vc_separator color=&#8221;custom&#8221; align=&#8221;align_left&#8221; border_width=&#8221;3&#8243; el_width=&#8221;10&#8243; accent_color=&#8221;#e31726&#8243;][vc_column_text]<\/p>\n<h4>Punktkeevitus seadmed<\/h4>\n<ul class=\"tekst\">\n<li>V\u00f5rgukeevitus automaatpink IDEAL GAM 116<\/li>\n<li>V\u00f5rgukeevitus automaatpink IDEAL GA0512<\/li>\n<li>V\u00f5rgukeevitus automaatpink VARO S-1DA\/R<\/li>\n<li>Koordinaat keevituspink IDEAL SCR 102<\/li>\n<li>Punktkeevitus pingid (Tecna, Kemppi, CEA, Telwin)<\/li>\n<\/ul>\n<p>&nbsp;<\/p>\n<h4 class=\"tekst\"><strong>TIG-keevitus robot OTC<\/strong><\/h4>\n<h4 class=\"tekst\"><strong>MIG-keevitus robot OTC<\/strong><\/h4>\n<h4 class=\"tekst\"><strong>MIG ja TIG keevituspingid<\/strong> (Fronius, Esab, Telwin)<\/h4>\n<p>[\/vc_column_text][\/vc_column_inner][vc_column_inner width=&#8221;1\/2&#8243;]\n\t\t\t<!-- START Slider Tootmine  Keevitamine REVOLUTION SLIDER 6.7.13 --><p class=\"rs-p-wp-fix\"><\/p>\n\t\t\t<rs-module-wrap id=\"rev_slider_11_2_wrapper\" data-source=\"gallery\" style=\"visibility:hidden;background:#eef4ff;padding:0;margin:0px auto;margin-top:0;margin-bottom:0;\">\n\t\t\t\t<rs-module id=\"rev_slider_11_2\" style=\"\" data-version=\"6.7.13\">\n\t\t\t\t\t<rs-slides style=\"overflow: hidden; position: absolute;\">\n\t\t\t\t\t\t<rs-slide style=\"position: absolute;\" data-key=\"rs-98\" data-title=\"Slide\" data-duration=\"4500\" data-anim=\"ms:500;r:0;\" data-in=\"o:0;\" data-out=\"a:false;\">\n\t\t\t\t\t\t\t<img decoding=\"async\" src=\"\/\/kmet.brandinum.agency\/wp-content\/plugins\/revslider\/sr6\/assets\/assets\/dummy.png\" alt=\"\" title=\"Keevitamine Foto Olev Mihkelmaa_072\" width=\"1000\" height=\"667\" class=\"rev-slidebg tp-rs-img rs-lazyload\" data-lazyload=\"\/\/kmet.brandinum.agency\/wp-content\/uploads\/2020\/08\/Keevitamine-Foto-Olev-Mihkelmaa_072.jpg\" data-parallax=\"14\" data-panzoom=\"d:10000;e:power1.out;ss:120%;se:100;\" data-no-retina>\n<!---->\t\t\t\t\t<\/rs-slide>\n\t\t\t\t\t\t<rs-slide style=\"position: absolute;\" data-key=\"rs-96\" data-title=\"Slide\" data-duration=\"4500\" data-anim=\"ms:500;r:0;\" data-in=\"o:0;\" data-out=\"a:false;\">\n\t\t\t\t\t\t\t<img decoding=\"async\" src=\"\/\/kmet.brandinum.agency\/wp-content\/plugins\/revslider\/sr6\/assets\/assets\/dummy.png\" alt=\"\" title=\"Foto Olev Mihkelmaa_077\" width=\"1000\" height=\"667\" class=\"rev-slidebg tp-rs-img rs-lazyload\" data-lazyload=\"\/\/kmet.brandinum.agency\/wp-content\/uploads\/2020\/09\/Foto-Olev-Mihkelmaa_077.jpg\" data-parallax=\"14\" data-panzoom=\"d:10000;e:power1.out;ss:120%;se:100;\" data-no-retina>\n<!---->\t\t\t\t\t<\/rs-slide>\n\t\t\t\t\t\t<rs-slide style=\"position: absolute;\" data-key=\"rs-97\" data-title=\"Slide\" data-duration=\"4500\" data-anim=\"ms:500;r:0;\" data-in=\"o:0;\" data-out=\"a:false;\">\n\t\t\t\t\t\t\t<img decoding=\"async\" src=\"\/\/kmet.brandinum.agency\/wp-content\/plugins\/revslider\/sr6\/assets\/assets\/dummy.png\" alt=\"\" title=\"Foto Olev Mihkelmaa_092\" width=\"1000\" height=\"667\" class=\"rev-slidebg tp-rs-img rs-lazyload\" data-lazyload=\"\/\/kmet.brandinum.agency\/wp-content\/uploads\/2020\/09\/Foto-Olev-Mihkelmaa_092.jpg\" data-parallax=\"14\" data-panzoom=\"d:10000;e:power1.out;ss:120%;se:100;\" data-no-retina>\n<!---->\t\t\t\t\t<\/rs-slide>\n\t\t\t\t\t\t<rs-slide style=\"position: absolute;\" data-key=\"rs-99\" data-title=\"Slide\" data-duration=\"4500\" data-anim=\"ms:500;r:0;\" data-in=\"o:0;\" data-out=\"a:false;\">\n\t\t\t\t\t\t\t<img decoding=\"async\" src=\"\/\/kmet.brandinum.agency\/wp-content\/plugins\/revslider\/sr6\/assets\/assets\/dummy.png\" alt=\"\" title=\"Foto Olev Mihkelmaa_058\" width=\"1000\" height=\"667\" class=\"rev-slidebg tp-rs-img rs-lazyload\" data-lazyload=\"\/\/kmet.brandinum.agency\/wp-content\/uploads\/2020\/09\/Foto-Olev-Mihkelmaa_058.jpg\" data-parallax=\"14\" data-panzoom=\"d:10000;e:power1.out;ss:120%;se:100;\" data-no-retina>\n<!---->\t\t\t\t\t<\/rs-slide>\n\t\t\t\t\t\t<rs-slide style=\"position: absolute;\" data-key=\"rs-100\" data-title=\"Slide\" data-duration=\"4500\" data-anim=\"ms:500;r:0;\" data-in=\"o:0;\" data-out=\"a:false;\">\n\t\t\t\t\t\t\t<img decoding=\"async\" src=\"\/\/kmet.brandinum.agency\/wp-content\/plugins\/revslider\/sr6\/assets\/assets\/dummy.png\" alt=\"\" title=\"Foto Olev Mihkelmaa_089\" width=\"1000\" height=\"667\" class=\"rev-slidebg tp-rs-img rs-lazyload\" data-lazyload=\"\/\/kmet.brandinum.agency\/wp-content\/uploads\/2020\/09\/Foto-Olev-Mihkelmaa_089.jpg\" data-parallax=\"14\" data-panzoom=\"d:10000;e:power1.out;ss:120%;se:100;\" data-no-retina>\n<!---->\t\t\t\t\t<\/rs-slide>\n\t\t\t\t\t\t<rs-slide style=\"position: absolute;\" data-key=\"rs-101\" data-title=\"Slide\" data-duration=\"4500\" data-anim=\"ms:500;r:0;\" data-in=\"o:0;\" data-out=\"a:false;\">\n\t\t\t\t\t\t\t<img decoding=\"async\" src=\"\/\/kmet.brandinum.agency\/wp-content\/plugins\/revslider\/sr6\/assets\/assets\/dummy.png\" alt=\"\" title=\"Foto Olev Mihkelmaa_047\" width=\"1000\" height=\"667\" class=\"rev-slidebg tp-rs-img rs-lazyload\" data-lazyload=\"\/\/kmet.brandinum.agency\/wp-content\/uploads\/2020\/09\/Foto-Olev-Mihkelmaa_047.jpg\" data-parallax=\"14\" data-panzoom=\"d:10000;e:power1.out;ss:120%;se:100;\" data-no-retina>\n<!---->\t\t\t\t\t<\/rs-slide>\n\t\t\t\t\t\t<rs-slide style=\"position: absolute;\" data-key=\"rs-102\" data-title=\"Slide\" data-duration=\"4500\" data-anim=\"ms:500;r:0;\" data-in=\"o:0;\" data-out=\"a:false;\">\n\t\t\t\t\t\t\t<img decoding=\"async\" src=\"\/\/kmet.brandinum.agency\/wp-content\/plugins\/revslider\/sr6\/assets\/assets\/dummy.png\" alt=\"\" title=\"Foto Olev Mihkelmaa_061\" width=\"1000\" height=\"667\" class=\"rev-slidebg tp-rs-img rs-lazyload\" data-lazyload=\"\/\/kmet.brandinum.agency\/wp-content\/uploads\/2020\/09\/Foto-Olev-Mihkelmaa_061.jpg\" data-parallax=\"14\" data-panzoom=\"d:10000;e:power1.out;ss:120%;se:100;\" data-no-retina>\n<!---->\t\t\t\t\t<\/rs-slide>\n\t\t\t\t\t\t<rs-slide style=\"position: absolute;\" data-key=\"rs-103\" data-title=\"Slide\" data-duration=\"4500\" data-anim=\"ms:500;r:0;\" data-in=\"o:0;\" data-out=\"a:false;\">\n\t\t\t\t\t\t\t<img decoding=\"async\" src=\"\/\/kmet.brandinum.agency\/wp-content\/plugins\/revslider\/sr6\/assets\/assets\/dummy.png\" alt=\"\" title=\"Foto Olev Mihkelmaa_093\" width=\"1000\" height=\"667\" class=\"rev-slidebg tp-rs-img rs-lazyload\" data-lazyload=\"\/\/kmet.brandinum.agency\/wp-content\/uploads\/2020\/09\/Foto-Olev-Mihkelmaa_093.jpg\" data-parallax=\"14\" data-panzoom=\"d:10000;e:power1.out;ss:120%;se:100;\" data-no-retina>\n<!---->\t\t\t\t\t<\/rs-slide>\n\t\t\t\t\t<\/rs-slides>\n\t\t\t\t<\/rs-module>\n\t\t\t\t<script>\n\t\t\t\t\tsetREVStartSize({c: 'rev_slider_11_2',rl:[1240,1024,768,480],el:[827,600,600,480],gw:[1240,1024,778,480],gh:[827,683,519,480],type:'standard',justify:'',layout:'fullwidth',mh:\"0\"});if (window.RS_MODULES!==undefined && window.RS_MODULES.modules!==undefined && window.RS_MODULES.modules[\"revslider112\"]!==undefined) {window.RS_MODULES.modules[\"revslider112\"].once = false;window.revapi11_2 = undefined;if (window.RS_MODULES.checkMinimal!==undefined) window.RS_MODULES.checkMinimal()}\n\t\t\t\t<\/script>\n\t\t\t<\/rs-module-wrap>\n\t\t\t<!-- END REVOLUTION SLIDER -->\n[vc_empty_space height=&#8221;40px&#8221;][vc_column_text]<\/p>\n<span class=\"image-placeholder video\" style=\"padding-bottom:56.29629630%\"><video controls class=\"video-js-el vjs-default-skin vjs-minimal-skin wp-video-shortcode\" src preload=\"auto\" width=\"945\" height=\"532\" mp4=\"https:\/\/kmet.brandinum.agency\/wp-content\/uploads\/2020\/10\/V\u00f5rgumasinad-pikem.mp4\" data-vsetup=\"[]\" playsinline=\"playsinline\"><source type=\"video\/mp4\" src=\"https:\/\/kmet.brandinum.agency\/wp-content\/uploads\/2020\/10\/V\u00f5rgumasinad-pikem.mp4?_=2\" \/><\/video><\/span>\n<p>[\/vc_column_text][vc_btn title=&#8221;Laadi video alla&#8221; style=&#8221;gradient-custom&#8221; gradient_custom_color_1=&#8221;#901e40&#8243; gradient_custom_color_2=&#8221;#0d166a&#8221; align=&#8221;center&#8221; i_align=&#8221;right&#8221; i_icon_fontawesome=&#8221;fa fa-long-arrow-right&#8221; button_block=&#8221;true&#8221; add_icon=&#8221;true&#8221; el_class=&#8221;send&#8221; link=&#8221;url:https%3A%2F%2Fkmet.brandinum.agency%2Fwp-content%2Fuploads%2F2020%2F10%2FV%C3%B5rgumasinad-pikem.mp4||target:%20_blank|&#8221;][vc_empty_space height=&#8221;40px&#8221;][\/vc_column_inner][\/vc_row_inner][\/vc_column][\/vc_row][vc_row full_width=&#8221;stretch_row&#8221; css=&#8221;.vc_custom_1571786605336{border-top-width: 0px !important;border-right-width: 0px !important;border-left-width: 0px !important;padding-top: 0px !important;padding-bottom: 20px !important;background-color: #eef4ff !important;border-left-color: #e31726 !important;border-left-style: solid !important;border-right-color: #e31726 !important;border-right-style: solid !important;border-top-color: #e31726 !important;border-top-style: solid !important;}&#8221;][vc_column][lab_portfolio_items category_filter=&#8221;no&#8221; columns=&#8221;6&#8243; reveal_effect=&#8221;none&#8221; portfolio_query=&#8221;size:12|order_by:menu_order|order:ASC|post_type:page|by_id:375,341,44,51,56,60,64,69&#8243;][\/vc_column][\/vc_row]<\/p>\n<\/div>","protected":false},"excerpt":{"rendered":"<p>[vc_row css=&#8221;.vc_custom_1571781721087{padding-top: 60px !important;padding-bottom: 40px !important;background-image: url(https:\/\/kmet.brandinum.agency\/wp-content\/uploads\/2019\/10\/net_01.svg?id=2731) !important;background-position: 0 0 !important;background-repeat: no-repeat !important;}&#8221;][vc_column][vc_row_inner container_type=&#8221;fluid&#8221;][vc_column_inner width=&#8221;1\/2&#8243;][vc_column_text] Keevitamine [\/vc_column_text][vc_separator color=&#8221;custom&#8221; align=&#8221;align_left&#8221; border_width=&#8221;3&#8243; el_width=&#8221;10&#8243; accent_color=&#8221;#e31726&#8243;][vc_column_text] Punktkeevitus seadmed V\u00f5rgukeevitus automaatpink IDEAL GAM 116 V\u00f5rgukeevitus automaatpink IDEAL GA0512 V\u00f5rgukeevitus automaatpink VARO S-1DA\/R Koordinaat keevituspink IDEAL SCR 102 Punktkeevitus pingid (Tecna, Kemppi, CEA, Telwin) &nbsp; TIG-keevitus robot OTC MIG-keevitus robot OTC&hellip;<\/p>\n","protected":false},"author":2,"featured_media":2926,"parent":21,"menu_order":0,"comment_status":"closed","ping_status":"closed","template":"","meta":{"_acf_changed":false,"footnotes":""},"acf":[],"_links":{"self":[{"href":"https:\/\/kmet.brandinum.agency\/et\/wp-json\/wp\/v2\/pages\/64"}],"collection":[{"href":"https:\/\/kmet.brandinum.agency\/et\/wp-json\/wp\/v2\/pages"}],"about":[{"href":"https:\/\/kmet.brandinum.agency\/et\/wp-json\/wp\/v2\/types\/page"}],"author":[{"embeddable":true,"href":"https:\/\/kmet.brandinum.agency\/et\/wp-json\/wp\/v2\/users\/2"}],"replies":[{"embeddable":true,"href":"https:\/\/kmet.brandinum.agency\/et\/wp-json\/wp\/v2\/comments?post=64"}],"version-history":[{"count":60,"href":"https:\/\/kmet.brandinum.agency\/et\/wp-json\/wp\/v2\/pages\/64\/revisions"}],"predecessor-version":[{"id":3200,"href":"https:\/\/kmet.brandinum.agency\/et\/wp-json\/wp\/v2\/pages\/64\/revisions\/3200"}],"up":[{"embeddable":true,"href":"https:\/\/kmet.brandinum.agency\/et\/wp-json\/wp\/v2\/pages\/21"}],"wp:featuredmedia":[{"embeddable":true,"href":"https:\/\/kmet.brandinum.agency\/et\/wp-json\/wp\/v2\/media\/2926"}],"wp:attachment":[{"href":"https:\/\/kmet.brandinum.agency\/et\/wp-json\/wp\/v2\/media?parent=64"}],"curies":[{"name":"wp","href":"https:\/\/api.w.org\/{rel}","templated":true}]}}