{"id":165,"date":"2015-12-08T11:27:30","date_gmt":"2015-12-08T11:27:30","guid":{"rendered":"https:\/\/kmet.brandinum.agency\/?page_id=165"},"modified":"2020-08-14T11:12:39","modified_gmt":"2020-08-14T08:12:39","slug":"ettevottest","status":"publish","type":"page","link":"https:\/\/kmet.brandinum.agency\/fi\/ettevottest\/","title":{"rendered":"Keit\u00e4 me olemme"},"content":{"rendered":"<div class=\"wpb-content-wrapper\"><p><\/p>\n<p>[vc_row css=&#8221;.vc_custom_1571781721087{padding-top: 60px !important;padding-bottom: 40px !important;background-image: url(https:\/\/kmet.brandinum.agency\/wp-content\/uploads\/2019\/10\/net_01.svg?id=2731) !important;background-position: 0 0 !important;background-repeat: no-repeat !important;}&#8221;][vc_column][vc_row_inner container_type=&#8221;fluid&#8221;][vc_column_inner width=&#8221;2\/3&#8243;][vc_column_text]<\/p>\n<h2>K.MET AS on vuonna 1991 perustettu tuotantoyritys, joka sijaitsee 125 km Tallinnasta, P\u00e4rnumaalla, L\u00e4\u00e4nerannan kunnassa, K\u00f5msilla.<\/h2>\n<p>[\/vc_column_text][vc_separator color=&#8221;custom&#8221; align=&#8221;align_left&#8221; border_width=&#8221;3&#8243; el_width=&#8221;10&#8243; accent_color=&#8221;#e31726&#8243;][\/vc_column_inner][vc_column_inner width=&#8221;1\/3&#8243;][vc_column_text]Tuotamme rautalankatuotteita asiakkaan toiveiden mukaisesti. Rautalankatuotteiden parissa on K\u00f5msilla toimittu yli 50 vuotta. My\u00f6hemmin ovat tulleet mukaan putket ja metallilevyt sek\u00e4 jauhemaalaus. Vuonna 2009 aloitimme ruostumattomien ter\u00e4stuotteiden tuotannon. Tuotteitamme myymme Suomeen, Ruotsiin, Tanskaan, Latviaan, Liettuaan, It\u00e4valtaan ja Viroon.[\/vc_column_text][\/vc_column_inner][\/vc_row_inner][vc_column_text]<a href=\"https:\/\/kmet.brandinum.agency\/kontakt\/\">Ota yhteytt\u00e4<\/a>\u00a0\u00a0\u00a0<span class=\"vc_btn3-icon fa fa-long-arrow-right\">\u00a0<\/span>[\/vc_column_text][vc_empty_space height=&#8221;60px&#8221;][\/vc_column][\/vc_row][vc_row full_width=&#8221;stretch_row&#8221; full_height=&#8221;yes&#8221; columns_placement=&#8221;top&#8221; css=&#8221;.vc_custom_1597392599540{border-top-width: 0px !important;border-right-width: 0px !important;border-left-width: 0px !important;padding-top: 0px !important;padding-bottom: 0px !important;background: #0d166a url(https:\/\/kmet.brandinum.agency\/wp-content\/uploads\/2020\/08\/ettev6ttest.jpg?id=2956) !important;background-position: center !important;background-repeat: no-repeat !important;background-size: cover !important;border-left-color: #e31726 !important;border-left-style: solid !important;border-right-color: #e31726 !important;border-right-style: solid !important;border-top-color: #e31726 !important;border-top-style: solid !important;}&#8221; el_class=&#8221;fixed&#8221;][vc_column][vc_empty_space height=&#8221;30px&#8221;][vc_row_inner container_type=&#8221;fluid&#8221; content_placement=&#8221;top&#8221; css=&#8221;.vc_custom_1569154984817{padding-top: 30px !important;padding-bottom: 50px !important;}&#8221;][vc_column_inner width=&#8221;1\/2&#8243;][vc_column_text el_class=&#8221;white&#8221;]<\/p>\n<h3><span style=\"color: #ffffff;\">Valmistamme liikeasiakkaillemme ter\u00e4slanka- ja ruostumattomia ter\u00e4slankatuotteita (hitsatut verkot, korit, myyntihyllyt, kauppojen sisustukset, taivutetut 3D-lankatuotteet, kontit, k\u00e4rryt jne.). Lis\u00e4\u00e4mme tarvittaessa putki- tai metallilevyosia.<\/span><\/h3>\n<p>[\/vc_column_text][\/vc_column_inner][vc_column_inner width=&#8221;1\/2&#8243;][\/vc_column_inner][\/vc_row_inner][vc_empty_space height=&#8221;100px&#8221;][\/vc_column][\/vc_row]<\/p>\n<p><\/p>\n<\/div>","protected":false},"excerpt":{"rendered":"<p>[vc_row css=&#8221;.vc_custom_1571781721087{padding-top: 60px !important;padding-bottom: 40px !important;background-image: url(https:\/\/kmet.brandinum.agency\/wp-content\/uploads\/2019\/10\/net_01.svg?id=2731) !important;background-position: 0 0 !important;background-repeat: no-repeat !important;}&#8221;][vc_column][vc_row_inner container_type=&#8221;fluid&#8221;][vc_column_inner width=&#8221;2\/3&#8243;][vc_column_text] K.MET AS on vuonna 1991 perustettu tuotantoyritys, joka sijaitsee 125 km Tallinnasta, P\u00e4rnumaalla, L\u00e4\u00e4nerannan kunnassa, K\u00f5msilla. [\/vc_column_text][vc_separator color=&#8221;custom&#8221; align=&#8221;align_left&#8221; border_width=&#8221;3&#8243; el_width=&#8221;10&#8243; accent_color=&#8221;#e31726&#8243;][\/vc_column_inner][vc_column_inner width=&#8221;1\/3&#8243;][vc_column_text]Tuotamme rautalankatuotteita asiakkaan toiveiden mukaisesti. Rautalankatuotteiden parissa on K\u00f5msilla toimittu yli 50 vuotta. My\u00f6hemmin ovat tulleet mukaan putket&hellip;<\/p>\n","protected":false},"author":2,"featured_media":0,"parent":0,"menu_order":0,"comment_status":"closed","ping_status":"closed","template":"","meta":{"_acf_changed":false,"footnotes":""},"acf":[],"_links":{"self":[{"href":"https:\/\/kmet.brandinum.agency\/fi\/wp-json\/wp\/v2\/pages\/165"}],"collection":[{"href":"https:\/\/kmet.brandinum.agency\/fi\/wp-json\/wp\/v2\/pages"}],"about":[{"href":"https:\/\/kmet.brandinum.agency\/fi\/wp-json\/wp\/v2\/types\/page"}],"author":[{"embeddable":true,"href":"https:\/\/kmet.brandinum.agency\/fi\/wp-json\/wp\/v2\/users\/2"}],"replies":[{"embeddable":true,"href":"https:\/\/kmet.brandinum.agency\/fi\/wp-json\/wp\/v2\/comments?post=165"}],"version-history":[{"count":55,"href":"https:\/\/kmet.brandinum.agency\/fi\/wp-json\/wp\/v2\/pages\/165\/revisions"}],"predecessor-version":[{"id":2972,"href":"https:\/\/kmet.brandinum.agency\/fi\/wp-json\/wp\/v2\/pages\/165\/revisions\/2972"}],"wp:attachment":[{"href":"https:\/\/kmet.brandinum.agency\/fi\/wp-json\/wp\/v2\/media?parent=165"}],"curies":[{"name":"wp","href":"https:\/\/api.w.org\/{rel}","templated":true}]}}