{"id":171,"date":"2015-12-08T11:30:08","date_gmt":"2015-12-08T11:30:08","guid":{"rendered":"https:\/\/kmet.brandinum.agency\/?page_id=171"},"modified":"2024-07-04T17:07:52","modified_gmt":"2024-07-04T14:07:52","slug":"kontakt","status":"publish","type":"page","link":"https:\/\/kmet.brandinum.agency\/fi\/kontakt\/","title":{"rendered":"Yhteystiedot"},"content":{"rendered":"<div class=\"wpb-content-wrapper\"><p>[vc_row full_width=&#8221;stretch_row&#8221; css=&#8221;.vc_custom_1569166506886{padding-top: 80px !important;padding-bottom: 70px !important;background-color: #fbf0f0 !important;background-position: center !important;background-repeat: no-repeat !important;background-size: cover !important;}&#8221;][vc_column css=&#8221;.vc_custom_1569165989795{padding-top: 0px !important;}&#8221;][vc_row_inner container_type=&#8221;fluid&#8221; css=&#8221;.vc_custom_1569165793873{margin-top: 0px !important;padding-top: 0px !important;}&#8221;][vc_column_inner width=&#8221;2\/3&#8243;][vc_column_text]<\/p>\n<h1>YHTEYSTIEDOT<\/h1>\n<p>[\/vc_column_text][vc_separator color=&#8221;custom&#8221; align=&#8221;align_left&#8221; border_width=&#8221;3&#8243; el_width=&#8221;10&#8243; accent_color=&#8221;#e31726&#8243;][\/vc_column_inner][vc_column_inner width=&#8221;1\/3&#8243;][vc_column_text]<\/p>\n<p style=\"text-align: right;\"><a href=\"https:\/\/kmet.brandinum.agency\/kontakt\/meeskond\/\">Henkil\u00f6st\u00f6<\/a>\u00a0\u00a0\u00a0<span class=\"vc_btn3-icon fa fa-long-arrow-right\">\u00a0<\/span><\/p>\n<p>[\/vc_column_text][\/vc_column_inner][\/vc_row_inner][vc_row_inner container_type=&#8221;fluid&#8221;][vc_column_inner width=&#8221;1\/4&#8243;][vc_column_text]<\/p>\n<h3>Myynti<\/h3>\n<p>GSM: +372 5049 537<br \/>\nGSM: +372 5919 9726<br \/>\nE-mail: <a href=\"&#x6d;&#x61;&#x69;&#x6c;&#x74;&#x6f;&#58;&#105;&#110;&#102;o&#64;km&#x65;&#x74;&#x2e;&#x65;&#x65;\">&#x69;&#x6e;&#x66;&#x6f;&#x40;&#x6b;&#x6d;&#x65;&#x74;&#x2e;&#x65;&#x65;<\/a>[\/vc_column_text][\/vc_column_inner][vc_column_inner width=&#8221;1\/4&#8243;][vc_column_text]<\/p>\n<h3>Yleistieto<\/h3>\n<p>K.MET AS<br \/>\nK\u00f5msi tee 17<br \/>\n90102 K\u00f5msi L\u00e4\u00e4neranna vald<br \/>\nP\u00e4rnu maakond<\/p>\n<p>Phone: +372 477 5380<br \/>\nE-mail: <a href=\"mailto:kmet&#64;kmet&#46;ee\">&#x6b;m&#x65;&#116;&#x40;&#x6b;m&#x65;&#116;&#x2e;&#x65;e<\/a>[\/vc_column_text][vc_column_text]Rekisterinumero 10100932<br \/>\nALV-numero EE100400733[\/vc_column_text][vc_column_text]<\/p>\n<p class=\"kontakt\"><a title=\"Vaata K.MET AS kontrollitud krediidireitingut krediidiraportid.ee lehel\" href=\"https:\/\/krediidiraportid.ee\/kmet-0\"><img decoding=\"async\" src=\"https:\/\/krediidiraportid.ee\/live-logo\/landscape_b\/et\/kmet.png\" alt=\"K.MET AS krediidireiting\" \/><\/a><\/p>\n<p>[\/vc_column_text][\/vc_column_inner][vc_column_inner width=&#8221;1\/2&#8243;][vc_single_image image=&#8221;2816&#8243; img_size=&#8221;full&#8221; alignment=&#8221;center&#8221;][\/vc_column_inner][\/vc_row_inner][\/vc_column][\/vc_row][vc_row full_width=&#8221;stretch_row_content_no_spaces&#8221; disable_element=&#8221;yes&#8221; css=&#8221;.vc_custom_1604560993834{margin-top: 0px !important;margin-right: 0px !important;margin-bottom: 0px !important;margin-left: 0px !important;padding-top: 0px !important;padding-right: 0px !important;padding-bottom: 0px !important;padding-left: 0px !important;}&#8221;][vc_column css=&#8221;.vc_custom_1571792137102{margin: 0px !important;padding: 0px !important;border: 0px initial !important;}&#8221;][vc_gmaps link=&#8221;#E-8_JTNDaWZyYW1lJTIwc3JjJTNEJTIyaHR0cHMlM0ElMkYlMkZ3d3cuZ29vZ2xlLmNvbSUyRm1hcHMlMkZlbWJlZCUzRnBiJTNEJTIxMW0xNCUyMTFtOCUyMTFtMyUyMTFkMjY1ODgwLjI0NzgyNjkzMzc0JTIxMmQyMy42MzEzNjElMjEzZDU4LjYyNTk3OTAwMDAwMDAxJTIxM20yJTIxMWkxMDI0JTIxMmk3NjglMjE0ZjEzLjElMjEzbTMlMjExbTIlMjExczB4MCUyNTNBMHg0YzBlMDk0ODFhMjNlNjg2JTIxMnNLLk1FVCUyNTIwQVMlMjE1ZTAlMjEzbTIlMjExc2V0JTIxMnNlZSUyMTR2MTU3MTc5NDMxNTQ0OCUyMTVtMiUyMTFzZXQlMjEyc2VlJTIyJTIwd2lkdGglM0QlMjIxMDAlMjUlMjIlMjBoZWlnaHQlM0QlMjI0NTAlMjIlMjBmcmFtZWJvcmRlciUzRCUyMjAlMjIlMjBzdHlsZSUzRCUyMmJvcmRlciUzQTAlM0IlMjIlMjBhbGxvd2Z1bGxzY3JlZW4lM0QlMjIlMjIlM0UlM0MlMkZpZnJhbWUlM0U=&#8221; size=&#8221;450&#8243; css=&#8221;.vc_custom_1571794351789{margin-top: 0px !important;margin-right: 0px !important;margin-bottom: 0px !important;margin-left: 0px !important;padding-top: 0px !important;padding-right: 0px !important;padding-bottom: 0px !important;padding-left: 0px !important;}&#8221;][\/vc_column][\/vc_row][vc_row full_width=&#8221;stretch_row_content_no_spaces&#8221; css=&#8221;.vc_custom_1604560975678{margin-top: 0px !important;margin-right: 0px !important;margin-bottom: 0px !important;margin-left: 0px !important;padding-top: 0px !important;padding-right: 0px !important;padding-bottom: 0px !important;padding-left: 0px !important;}&#8221;][vc_column css=&#8221;.vc_custom_1604560972255{margin-top: 0px !important;margin-right: 0px !important;margin-bottom: 0px !important;margin-left: 0px !important;padding-top: 0px !important;padding-right: 0px !important;padding-bottom: 0px !important;padding-left: 0px !important;}&#8221;][lab_google_map height=&#8221;450&#8243; zoom=&#8221;9&#8243; map_options=&#8221;fullwidth,map-style,drop-pins&#8221; map_controls=&#8221;panControl,zoomControl,mapTypeControl,scaleControl,streetViewControl,overviewMapControl,fullscreenControl&#8221; css=&#8221;.vc_custom_1604561068251{margin-bottom: 0px !important;padding-bottom: 0px !important;}&#8221;][lab_google_map_location marker_image=&#8221;3184&#8243; retina_marker=&#8221;yes&#8221; latitude=&#8221;58.625980&#8243; longitude=&#8221;23.631330&#8243; marker_title=&#8221;K.MET AS&#8221; marker_description=&#8221;#E-8_SyVDMyVCNW1zaSUyMHRlZSUyMDE3JTJDJTIwSyVDMyVCNW1zaSUyQyUyMDkwMTAyJTIwUCVDMyVBNHJudSUyMG1hYWtvbmQlMEElM0NhJTIwaHJlZiUzRCUyMmh0dHBzJTNBJTJGJTJGZ29vLmdsJTJGbWFwcyUyRnAyQ1huV0xIQlZHeTV1cWQ2JTIyJTIwdGFyZ2V0JTNEJTIyX2JsYW5rJTIyJTIwc3R5bGUlM0QlMjJmb250LXdlaWdodCUzQSUyMDcwMCUzQiUyMGNvbG9yJTNBJTIwJTIzMGQxNjZhJTNCJTIyJTNFT2hqZWV0JTNDJTJGYSUzRQ==&#8221;][\/lab_google_map][\/vc_column][\/vc_row]<\/p>\n<\/div>","protected":false},"excerpt":{"rendered":"<p>[vc_row full_width=&#8221;stretch_row&#8221; css=&#8221;.vc_custom_1569166506886{padding-top: 80px !important;padding-bottom: 70px !important;background-color: #fbf0f0 !important;background-position: center !important;background-repeat: no-repeat !important;background-size: cover !important;}&#8221;][vc_column css=&#8221;.vc_custom_1569165989795{padding-top: 0px !important;}&#8221;][vc_row_inner container_type=&#8221;fluid&#8221; css=&#8221;.vc_custom_1569165793873{margin-top: 0px !important;padding-top: 0px !important;}&#8221;][vc_column_inner width=&#8221;2\/3&#8243;][vc_column_text] YHTEYSTIEDOT [\/vc_column_text][vc_separator color=&#8221;custom&#8221; align=&#8221;align_left&#8221; border_width=&#8221;3&#8243; el_width=&#8221;10&#8243; accent_color=&#8221;#e31726&#8243;][\/vc_column_inner][vc_column_inner width=&#8221;1\/3&#8243;][vc_column_text] Henkil\u00f6st\u00f6\u00a0\u00a0\u00a0\u00a0 [\/vc_column_text][\/vc_column_inner][\/vc_row_inner][vc_row_inner container_type=&#8221;fluid&#8221;][vc_column_inner width=&#8221;1\/4&#8243;][vc_column_text] Myynti GSM: +372 5049 537 GSM: +372 5919 9726 E-mail: &#x69;&#x6e;&#x66;&#111;&#64;km&#x65;&#x74;&#x2e;&#x65;&#101;[\/vc_column_text][\/vc_column_inner][vc_column_inner width=&#8221;1\/4&#8243;][vc_column_text] Yleistieto K.MET AS K\u00f5msi tee 17&hellip;<\/p>\n","protected":false},"author":2,"featured_media":0,"parent":0,"menu_order":0,"comment_status":"closed","ping_status":"closed","template":"","meta":{"_acf_changed":false,"footnotes":""},"acf":[],"_links":{"self":[{"href":"https:\/\/kmet.brandinum.agency\/fi\/wp-json\/wp\/v2\/pages\/171"}],"collection":[{"href":"https:\/\/kmet.brandinum.agency\/fi\/wp-json\/wp\/v2\/pages"}],"about":[{"href":"https:\/\/kmet.brandinum.agency\/fi\/wp-json\/wp\/v2\/types\/page"}],"author":[{"embeddable":true,"href":"https:\/\/kmet.brandinum.agency\/fi\/wp-json\/wp\/v2\/users\/2"}],"replies":[{"embeddable":true,"href":"https:\/\/kmet.brandinum.agency\/fi\/wp-json\/wp\/v2\/comments?post=171"}],"version-history":[{"count":105,"href":"https:\/\/kmet.brandinum.agency\/fi\/wp-json\/wp\/v2\/pages\/171\/revisions"}],"predecessor-version":[{"id":3174,"href":"https:\/\/kmet.brandinum.agency\/fi\/wp-json\/wp\/v2\/pages\/171\/revisions\/3174"}],"wp:attachment":[{"href":"https:\/\/kmet.brandinum.agency\/fi\/wp-json\/wp\/v2\/media?parent=171"}],"curies":[{"name":"wp","href":"https:\/\/api.w.org\/{rel}","templated":true}]}}