{"id":212,"date":"2015-12-08T11:50:36","date_gmt":"2015-12-08T11:50:36","guid":{"rendered":"https:\/\/kmet.brandinum.agency\/?page_id=212"},"modified":"2024-07-04T17:09:06","modified_gmt":"2024-07-04T14:09:06","slug":"meeskond","status":"publish","type":"page","link":"https:\/\/kmet.brandinum.agency\/fi\/kontakt\/meeskond\/","title":{"rendered":"Henkil\u00f6st\u00f6"},"content":{"rendered":"<div class=\"wpb-content-wrapper\"><p>[vc_row css=&#8221;.vc_custom_1571781721087{padding-top: 60px !important;padding-bottom: 40px !important;background-image: url(https:\/\/kmet.brandinum.agency\/wp-content\/uploads\/2019\/10\/net_01.svg?id=2731) !important;background-position: 0 0 !important;background-repeat: no-repeat !important;}&#8221;][vc_column][vc_row_inner container_type=&#8221;fluid&#8221;][vc_column_inner width=&#8221;2\/3&#8243;][vc_column_text]<\/p>\n<h1>Henkil\u00f6st\u00f6<\/h1>\n<p>[\/vc_column_text][vc_separator color=&#8221;custom&#8221; align=&#8221;align_left&#8221; border_width=&#8221;3&#8243; el_width=&#8221;10&#8243; accent_color=&#8221;#e31726&#8243;][\/vc_column_inner][vc_column_inner width=&#8221;1\/3&#8243;][\/vc_column_inner][\/vc_row_inner][\/vc_column][\/vc_row][vc_row full_width=&#8221;stretch_row&#8221; css=&#8221;.vc_custom_1569147619254{border-top-width: 0px !important;border-right-width: 0px !important;border-left-width: 0px !important;padding-top: 40px !important;padding-bottom: 0px !important;background-color: #eef4ff !important;border-left-color: #e31726 !important;border-left-style: solid !important;border-right-color: #e31726 !important;border-right-style: solid !important;border-top-color: #e31726 !important;border-top-style: solid !important;}&#8221;][vc_column][vc_column_text]<\/p>\n<h2>Myynti<\/h2>\n<p>[\/vc_column_text][vc_row_inner container_type=&#8221;fluid&#8221;][vc_column_inner width=&#8221;1\/4&#8243;][vc_single_image image=&#8221;2898&#8243; img_size=&#8221;full&#8221;][vc_column_text]<strong>Raivo Kallas<\/strong><br \/>\nMyyntip\u00e4\u00e4llikk\u00f6<\/p>\n<p>GSM +372 507 9259<br \/>\ne-mail: <a class=\"vasak_menyy_aktiivne\" href=\"&#109;&#x61;&#x69;&#108;&#x74;&#x6f;:&#x72;&#x61;i&#118;&#x6f;&#46;&#107;&#x61;l&#108;&#x61;s&#64;&#x6b;m&#101;&#x74;&#x2e;&#101;&#x65;\">r&#97;&#x69;&#x76;&#x6f;&#46;&#107;&#97;&#x6c;&#x6c;a&#115;&#64;&#x6b;&#x6d;et&#46;&#x65;&#x65;<\/a>[\/vc_column_text][\/vc_column_inner][vc_column_inner width=&#8221;1\/4&#8243;][vc_single_image image=&#8221;2899&#8243; img_size=&#8221;full&#8221;][vc_column_text]<strong>Viljar Viljam\u00e4e<\/strong><br \/>\nMyyj\u00e4<\/p>\n<p>GSM +372\u00a0 504 9537<br \/>\ne-mail: <a href=\"&#109;&#x61;i&#108;&#x74;o&#x3a;&#x76;&#105;&#x6c;j&#97;&#x72;&#46;&#118;&#x69;&#108;&#x6a;a&#109;&#x61;e&#64;&#x6b;&#109;&#x65;&#x74;&#46;&#x65;e\">v&#105;&#108;&#x6a;&#x61;&#x72;&#x2e;v&#105;&#108;&#106;&#x61;&#x6d;&#x61;e&#64;&#107;&#109;&#x65;&#x74;&#x2e;ee<\/a>[\/vc_column_text][\/vc_column_inner][vc_column_inner width=&#8221;1\/4&#8243;][vc_single_image image=&#8221;2907&#8243; img_size=&#8221;full&#8221;][vc_column_text]<strong>Marika V\u00e4nt<\/strong><br \/>\nL\u00e4hett\u00e4m\u00f6<\/p>\n<p>GSM: +372 5341 6259<br \/>\ne-mail:\u00a0 <a href=\"&#109;&#x61;&#105;&#x6c;&#116;&#x6f;&#58;&#x69;n&#x66;o&#x40;k&#x6d;e&#116;&#x2e;&#101;&#x65;\">i&#110;&#102;&#x6f;&#x40;&#x6b;me&#116;&#46;&#x65;&#x65;<\/a>[\/vc_column_text][\/vc_column_inner][vc_column_inner width=&#8221;1\/4&#8243;][vc_single_image image=&#8221;3317&#8243; img_size=&#8221;full&#8221;][vc_column_text]<strong>Jaan M\u00f5tsnik<\/strong><br \/>\nMyyj\u00e4<\/p>\n<p>GSM +372\u00a0 59199726<br \/>\ne-mail: <a href=\"&#x6d;a&#x69;l&#x74;&#111;&#x3a;&#106;a&#x61;n&#x2e;&#109;&#x6f;&#116;&#x73;&#110;i&#x6b;&#64;&#x6b;&#109;&#x65;&#116;&#x2e;&#x65;e\">&#x6a;&#x61;&#97;n&#64;&#x6b;&#x6d;&#101;&#116;&#46;&#x65;&#x65;<\/a>[\/vc_column_text][\/vc_column_inner][\/vc_row_inner][vc_empty_space height=&#8221;40px&#8221;][\/vc_column][\/vc_row][vc_row full_width=&#8221;stretch_row&#8221; css=&#8221;.vc_custom_1571795703471{border-top-width: 0px !important;border-right-width: 0px !important;border-left-width: 0px !important;padding-top: 40px !important;padding-bottom: 0px !important;border-left-color: #e31726 !important;border-left-style: solid !important;border-right-color: #e31726 !important;border-right-style: solid !important;border-top-color: #e31726 !important;border-top-style: solid !important;}&#8221;][vc_column][vc_column_text]<\/p>\n<h2>Osto<\/h2>\n<p>[\/vc_column_text][vc_row_inner container_type=&#8221;fluid&#8221;][vc_column_inner width=&#8221;1\/4&#8243;][vc_column_text]<strong>Raivo Kallas<\/strong><br \/>\nMyyntip\u00e4\u00e4llikk\u00f6<\/p>\n<p>GSM +372 507 9259<br \/>\ne-mail: <a class=\"vasak_menyy_aktiivne\" href=\"&#x6d;&#x61;&#105;&#108;t&#x6f;&#x3a;&#x72;&#97;iv&#x6f;&#x2e;&#107;&#97;l&#x6c;&#x61;&#x73;&#64;km&#x65;&#x74;&#46;&#101;e\">&#x72;a&#x69;&#118;o&#x2e;&#107;&#x61;&#108;l&#x61;&#115;&#x40;&#107;m&#x65;&#116;&#x2e;&#x65;e<\/a>[\/vc_column_text][\/vc_column_inner][vc_column_inner width=&#8221;1\/4&#8243;][\/vc_column_inner][vc_column_inner width=&#8221;1\/4&#8243;][\/vc_column_inner][vc_column_inner width=&#8221;1\/4&#8243;][\/vc_column_inner][\/vc_row_inner][vc_column_text]<strong>Avo Kiisk<\/strong><br \/>\nOstaja<\/p>\n<p>GSM: +372 5919 3762<br \/>\ne-mail: <a href=\"&#x6d;&#97;i&#x6c;&#116;o&#x3a;&#111;s&#x74;&#x40;&#107;&#x6d;&#x65;&#116;&#46;&#x65;&#101;\">&#111;&#x73;t&#64;&#x6b;m&#101;&#x74;&#46;&#101;&#x65;<\/a>[\/vc_column_text][vc_empty_space height=&#8221;40px&#8221;][\/vc_column][\/vc_row][vc_row full_width=&#8221;stretch_row&#8221; css=&#8221;.vc_custom_1569147619254{border-top-width: 0px !important;border-right-width: 0px !important;border-left-width: 0px !important;padding-top: 40px !important;padding-bottom: 0px !important;background-color: #eef4ff !important;border-left-color: #e31726 !important;border-left-style: solid !important;border-right-color: #e31726 !important;border-right-style: solid !important;border-top-color: #e31726 !important;border-top-style: solid !important;}&#8221;][vc_column][vc_column_text]<\/p>\n<h2>Tuotanto<\/h2>\n<p>[\/vc_column_text][vc_row_inner container_type=&#8221;fluid&#8221;][vc_column_inner width=&#8221;1\/4&#8243;][vc_single_image image=&#8221;2900&#8243; img_size=&#8221;full&#8221;][vc_column_text]<strong>Tambet J\u00e4rve<\/strong><br \/>\n<span class=\"myyk_ala\">Tuotantojohtaja<\/span><br \/>\n<span class=\"myyk\"><br \/>\nGSM: +372 5049538<br \/>\ne-mail: <a href=\"m&#97;&#x69;&#x6c;&#x74;o&#58;&#x74;&#x61;&#x6d;b&#101;&#x74;&#x2e;&#x6a;a&#114;&#x76;&#x65;&#x40;k&#109;&#x65;&#x74;&#x2e;e&#101;\"><span class=\"vasak_menyy_aktiivne\">&#x74;&#x61;&#109;&#98;e&#x74;&#x2e;&#x6a;&#97;&#114;v&#x65;&#x40;&#x6b;&#109;&#101;t&#x2e;&#x65;&#x65;<\/span><\/a><\/span>[\/vc_column_text][\/vc_column_inner][vc_column_inner width=&#8221;1\/4&#8243;][\/vc_column_inner][\/vc_row_inner][vc_empty_space height=&#8221;40px&#8221;][\/vc_column][\/vc_row][vc_row full_width=&#8221;stretch_row&#8221; css=&#8221;.vc_custom_1571795718547{border-top-width: 0px !important;border-right-width: 0px !important;border-left-width: 0px !important;padding-top: 40px !important;padding-bottom: 0px !important;border-left-color: #e31726 !important;border-left-style: solid !important;border-right-color: #e31726 !important;border-right-style: solid !important;border-top-color: #e31726 !important;border-top-style: solid !important;}&#8221;][vc_column][vc_column_text]<\/p>\n<h2>Johto<\/h2>\n<p>[\/vc_column_text][vc_column_text]<strong>Mardo Leiumaa<br \/>\n<\/strong><span class=\"myyk_ala\">Johtaja<\/span><br \/>\n<span class=\"myyk\"><br \/>\nGSM: +372 503 0259<\/span><br \/>\n<span class=\"myyk\">e-post: <a class=\"vasak_menyy_aktiivne\" href=\"&#109;&#x61;&#105;&#x6c;&#116;&#x6f;&#58;&#x6d;&#97;&#x72;&#100;&#x6f;&#46;&#x6c;e&#x69;u&#x6d;a&#x61;&#64;&#x6b;m&#101;&#x74;&#46;&#x65;&#101;\">&#109;a&#x72;d&#x6f;&#46;&#x6c;&#101;&#x69;&#117;&#x6d;&#97;a&#x40;k&#x6d;e&#x74;&#46;&#x65;&#101;<\/a><\/span>[\/vc_column_text][vc_row_inner container_type=&#8221;fluid&#8221;][vc_column_inner width=&#8221;1\/4&#8243;][vc_single_image image=&#8221;3143&#8243; img_size=&#8221;full&#8221;][vc_column_text]<strong>Liia Veek<br \/>\n<\/strong><span class=\"myyk_ala\">Talousjohtajan<\/span><br \/>\n<span class=\"myyk\"><br \/>\nGSM: +372 503 4750<\/span><br \/>\n<span class=\"myyk\">e-post:<a class=\"vasak_menyy_aktiivne\" href=\"&#x6d;a&#x69;&#108;t&#x6f;&#58;&#x6c;&#105;i&#x61;&#46;&#x76;&#101;e&#x6b;&#64;&#x6b;&#x6d;e&#x74;&#46;e&#x65;\"> &#108;i&#x69;a&#x2e;v&#x65;&#101;&#x6b;&#64;&#x6b;&#109;e&#x74;&#46;&#x65;e<\/a><\/span>[\/vc_column_text][\/vc_column_inner][vc_column_inner width=&#8221;1\/4&#8243;][vc_column_text]<\/p>\n<p>&nbsp;<\/p>\n<p>&nbsp;<\/p>\n<p>&nbsp;<\/p>\n<p>&nbsp;<\/p>\n<p>&nbsp;<\/p>\n<p>&nbsp;<\/p>\n<p>&nbsp;<\/p>\n<p>&nbsp;<\/p>\n<p>&nbsp;<\/p>\n<p>&nbsp;<\/p>\n<p><strong>Maarja Piilmann<br \/>\n<\/strong>Laatup\u00e4\u00e4llikk\u00f6<br \/>\n<span class=\"myyk\"><br \/>\nGSM: +372 57702552<\/span><br \/>\n<span class=\"myyk\">e-post:<a class=\"vasak_menyy_aktiivne\" href=\"&#x6d;&#97;i&#x6c;&#x74;&#111;:&#x6b;&#x76;&#97;l&#x69;&#116;e&#x65;&#x74;&#64;k&#x6d;&#x65;&#116;&#46;&#x65;&#101;\">kval&#105;&#116;&#101;&#101;&#116;&#x40;&#x6b;&#x6d;&#x65;&#x74;&#x2e;&#x65;e<\/a><\/span>[\/vc_column_text][\/vc_column_inner][\/vc_row_inner][vc_empty_space height=&#8221;40px&#8221;][\/vc_column][\/vc_row]<\/p>\n<\/div>","protected":false},"excerpt":{"rendered":"<p>[vc_row css=&#8221;.vc_custom_1571781721087{padding-top: 60px !important;padding-bottom: 40px !important;background-image: url(https:\/\/kmet.brandinum.agency\/wp-content\/uploads\/2019\/10\/net_01.svg?id=2731) !important;background-position: 0 0 !important;background-repeat: no-repeat !important;}&#8221;][vc_column][vc_row_inner container_type=&#8221;fluid&#8221;][vc_column_inner width=&#8221;2\/3&#8243;][vc_column_text] Henkil\u00f6st\u00f6 [\/vc_column_text][vc_separator color=&#8221;custom&#8221; align=&#8221;align_left&#8221; border_width=&#8221;3&#8243; el_width=&#8221;10&#8243; accent_color=&#8221;#e31726&#8243;][\/vc_column_inner][vc_column_inner width=&#8221;1\/3&#8243;][\/vc_column_inner][\/vc_row_inner][\/vc_column][\/vc_row][vc_row full_width=&#8221;stretch_row&#8221; css=&#8221;.vc_custom_1569147619254{border-top-width: 0px !important;border-right-width: 0px !important;border-left-width: 0px !important;padding-top: 40px !important;padding-bottom: 0px !important;background-color: #eef4ff !important;border-left-color: #e31726 !important;border-left-style: solid !important;border-right-color: #e31726 !important;border-right-style: solid !important;border-top-color: #e31726 !important;border-top-style: solid !important;}&#8221;][vc_column][vc_column_text] Myynti [\/vc_column_text][vc_row_inner container_type=&#8221;fluid&#8221;][vc_column_inner width=&#8221;1\/4&#8243;][vc_single_image image=&#8221;2898&#8243; img_size=&#8221;full&#8221;][vc_column_text]Raivo&hellip;<\/p>\n","protected":false},"author":2,"featured_media":0,"parent":171,"menu_order":0,"comment_status":"closed","ping_status":"closed","template":"","meta":{"_acf_changed":false,"footnotes":""},"acf":[],"_links":{"self":[{"href":"https:\/\/kmet.brandinum.agency\/fi\/wp-json\/wp\/v2\/pages\/212"}],"collection":[{"href":"https:\/\/kmet.brandinum.agency\/fi\/wp-json\/wp\/v2\/pages"}],"about":[{"href":"https:\/\/kmet.brandinum.agency\/fi\/wp-json\/wp\/v2\/types\/page"}],"author":[{"embeddable":true,"href":"https:\/\/kmet.brandinum.agency\/fi\/wp-json\/wp\/v2\/users\/2"}],"replies":[{"embeddable":true,"href":"https:\/\/kmet.brandinum.agency\/fi\/wp-json\/wp\/v2\/comments?post=212"}],"version-history":[{"count":167,"href":"https:\/\/kmet.brandinum.agency\/fi\/wp-json\/wp\/v2\/pages\/212\/revisions"}],"predecessor-version":[{"id":3381,"href":"https:\/\/kmet.brandinum.agency\/fi\/wp-json\/wp\/v2\/pages\/212\/revisions\/3381"}],"up":[{"embeddable":true,"href":"https:\/\/kmet.brandinum.agency\/fi\/wp-json\/wp\/v2\/pages\/171"}],"wp:attachment":[{"href":"https:\/\/kmet.brandinum.agency\/fi\/wp-json\/wp\/v2\/media?parent=212"}],"curies":[{"name":"wp","href":"https:\/\/api.w.org\/{rel}","templated":true}]}}