{"id":56,"date":"2015-12-06T09:27:25","date_gmt":"2015-12-06T07:27:25","guid":{"rendered":"https:\/\/kmet.brandinum.agency\/?page_id=56"},"modified":"2020-09-17T21:37:01","modified_gmt":"2020-09-17T18:37:01","slug":"materjali-ettevalmistus-2","status":"publish","type":"page","link":"https:\/\/kmet.brandinum.agency\/fi\/tootmine\/materjali-ettevalmistus-2\/","title":{"rendered":"Materiaalin valmistelu"},"content":{"rendered":"<div class=\"wpb-content-wrapper\"><p>[vc_row css=&#8221;.vc_custom_1571781721087{padding-top: 60px !important;padding-bottom: 40px !important;background-image: url(https:\/\/kmet.brandinum.agency\/wp-content\/uploads\/2019\/10\/net_01.svg?id=2731) !important;background-position: 0 0 !important;background-repeat: no-repeat !important;}&#8221;][vc_column][vc_row_inner container_type=&#8221;fluid&#8221;][vc_column_inner width=&#8221;1\/2&#8243;][vc_column_text]<\/p>\n<h1>Materiaalin valmistelu<\/h1>\n<p>[\/vc_column_text][vc_separator color=&#8221;custom&#8221; align=&#8221;align_left&#8221; border_width=&#8221;3&#8243; el_width=&#8221;10&#8243; accent_color=&#8221;#e31726&#8243;][vc_column_text]Langansuoristus- ja jatkamislaite enint\u00e4\u00e4n 8 mm langalle<br \/>\nVannesaha \u2013 sahausmitta enint\u00e4\u00e4n 280 mm<br \/>\nGiljotiinisakset \u2013 ter\u00e4slevyn paksuus enint\u00e4\u00e4n 6 mm, leveys enint\u00e4\u00e4n 3 m[\/vc_column_text][\/vc_column_inner][vc_column_inner width=&#8221;1\/2&#8243;]\n\t\t\t<!-- START Slider Tootmine  Materjali ettevalmistus REVOLUTION SLIDER 6.7.13 --><p class=\"rs-p-wp-fix\"><\/p>\n\t\t\t<rs-module-wrap id=\"rev_slider_9_3_wrapper\" data-source=\"gallery\" style=\"visibility:hidden;background:#eef4ff;padding:0;margin:0px auto;margin-top:0;margin-bottom:0;\">\n\t\t\t\t<rs-module id=\"rev_slider_9_3\" style=\"\" data-version=\"6.7.13\">\n\t\t\t\t\t<rs-slides style=\"overflow: hidden; position: absolute;\">\n\t\t\t\t\t\t<rs-slide style=\"position: absolute;\" data-key=\"rs-80\" data-title=\"Slide\" data-duration=\"4500\" data-anim=\"ms:500;r:0;\" data-in=\"o:0;\" data-out=\"a:false;\">\n\t\t\t\t\t\t\t<img decoding=\"async\" src=\"\/\/kmet.brandinum.agency\/wp-content\/plugins\/revslider\/sr6\/assets\/assets\/dummy.png\" alt=\"\" title=\"Materjali ettevalmistus Foto Olev Mihkelmaa_112\" width=\"1000\" height=\"667\" class=\"rev-slidebg tp-rs-img rs-lazyload\" data-lazyload=\"\/\/kmet.brandinum.agency\/wp-content\/uploads\/2020\/08\/Materjali-ettevalmistus-Foto-Olev-Mihkelmaa_112.jpg\" data-parallax=\"14\" data-panzoom=\"d:10000;e:power1.out;ss:120%;se:100;\" data-no-retina>\n<!---->\t\t\t\t\t<\/rs-slide>\n\t\t\t\t\t\t<rs-slide style=\"position: absolute;\" data-key=\"rs-78\" data-title=\"Slide\" data-duration=\"4500\" data-anim=\"ms:500;r:0;\" data-in=\"o:0;\" data-out=\"a:false;\">\n\t\t\t\t\t\t\t<img decoding=\"async\" src=\"\/\/kmet.brandinum.agency\/wp-content\/plugins\/revslider\/sr6\/assets\/assets\/dummy.png\" alt=\"\" title=\"Foto Olev Mihkelmaa_110\" width=\"1000\" height=\"667\" class=\"rev-slidebg tp-rs-img rs-lazyload\" data-lazyload=\"\/\/kmet.brandinum.agency\/wp-content\/uploads\/2020\/09\/Foto-Olev-Mihkelmaa_110.jpg\" data-parallax=\"14\" data-panzoom=\"d:10000;e:power1.out;ss:120%;se:100;\" data-no-retina>\n<!---->\t\t\t\t\t<\/rs-slide>\n\t\t\t\t\t\t<rs-slide style=\"position: absolute;\" data-key=\"rs-79\" data-title=\"Slide\" data-duration=\"4500\" data-anim=\"ms:500;r:0;\" data-in=\"o:0;\" data-out=\"a:false;\">\n\t\t\t\t\t\t\t<img decoding=\"async\" src=\"\/\/kmet.brandinum.agency\/wp-content\/plugins\/revslider\/sr6\/assets\/assets\/dummy.png\" alt=\"\" title=\"Foto Olev Mihkelmaa_042\" width=\"1000\" height=\"667\" class=\"rev-slidebg tp-rs-img rs-lazyload\" data-lazyload=\"\/\/kmet.brandinum.agency\/wp-content\/uploads\/2020\/09\/Foto-Olev-Mihkelmaa_042.jpg\" data-parallax=\"14\" data-panzoom=\"d:10000;e:power1.out;ss:120%;se:100;\" data-no-retina>\n<!---->\t\t\t\t\t<\/rs-slide>\n\t\t\t\t\t\t<rs-slide style=\"position: absolute;\" data-key=\"rs-82\" data-title=\"Slide\" data-duration=\"4500\" data-anim=\"ms:500;r:0;\" data-in=\"o:0;\" data-out=\"a:false;\">\n\t\t\t\t\t\t\t<img decoding=\"async\" src=\"\/\/kmet.brandinum.agency\/wp-content\/plugins\/revslider\/sr6\/assets\/assets\/dummy.png\" alt=\"\" title=\"Foto Olev Mihkelmaa_095\" width=\"1000\" height=\"667\" class=\"rev-slidebg tp-rs-img rs-lazyload\" data-lazyload=\"\/\/kmet.brandinum.agency\/wp-content\/uploads\/2020\/09\/Foto-Olev-Mihkelmaa_095.jpg\" data-parallax=\"14\" data-panzoom=\"d:10000;e:power1.out;ss:120%;se:100;\" data-no-retina>\n<!---->\t\t\t\t\t<\/rs-slide>\n\t\t\t\t\t\t<rs-slide style=\"position: absolute;\" data-key=\"rs-83\" data-title=\"Slide\" data-duration=\"4500\" data-anim=\"ms:500;r:0;\" data-in=\"o:0;\" data-out=\"a:false;\">\n\t\t\t\t\t\t\t<img decoding=\"async\" src=\"\/\/kmet.brandinum.agency\/wp-content\/plugins\/revslider\/sr6\/assets\/assets\/dummy.png\" alt=\"\" title=\"Foto Olev Mihkelmaa_099\" width=\"1000\" height=\"667\" class=\"rev-slidebg tp-rs-img rs-lazyload\" data-lazyload=\"\/\/kmet.brandinum.agency\/wp-content\/uploads\/2020\/09\/Foto-Olev-Mihkelmaa_099.jpg\" data-parallax=\"14\" data-panzoom=\"d:10000;e:power1.out;ss:120%;se:100;\" data-no-retina>\n<!---->\t\t\t\t\t<\/rs-slide>\n\t\t\t\t\t\t<rs-slide style=\"position: absolute;\" data-key=\"rs-84\" data-title=\"Slide\" data-duration=\"4500\" data-anim=\"ms:500;r:0;\" data-in=\"o:0;\" data-out=\"a:false;\">\n\t\t\t\t\t\t\t<img decoding=\"async\" src=\"\/\/kmet.brandinum.agency\/wp-content\/plugins\/revslider\/sr6\/assets\/assets\/dummy.png\" alt=\"\" title=\"Foto Olev Mihkelmaa_113\" width=\"1000\" height=\"667\" class=\"rev-slidebg tp-rs-img rs-lazyload\" data-lazyload=\"\/\/kmet.brandinum.agency\/wp-content\/uploads\/2020\/09\/Foto-Olev-Mihkelmaa_113.jpg\" data-parallax=\"14\" data-panzoom=\"d:10000;e:power1.out;ss:120%;se:100;\" data-no-retina>\n<!---->\t\t\t\t\t<\/rs-slide>\n\t\t\t\t\t\t<rs-slide style=\"position: absolute;\" data-key=\"rs-85\" data-title=\"Slide\" data-duration=\"4500\" data-anim=\"ms:500;r:0;\" data-in=\"o:0;\" data-out=\"a:false;\">\n\t\t\t\t\t\t\t<img decoding=\"async\" src=\"\/\/kmet.brandinum.agency\/wp-content\/plugins\/revslider\/sr6\/assets\/assets\/dummy.png\" alt=\"\" title=\"Foto Olev Mihkelmaa_071\" width=\"1000\" height=\"667\" class=\"rev-slidebg tp-rs-img rs-lazyload\" data-lazyload=\"\/\/kmet.brandinum.agency\/wp-content\/uploads\/2020\/09\/Foto-Olev-Mihkelmaa_071.jpg\" data-parallax=\"14\" data-panzoom=\"d:10000;e:power1.out;ss:120%;se:100;\" data-no-retina>\n<!---->\t\t\t\t\t<\/rs-slide>\n\t\t\t\t\t\t<rs-slide style=\"position: absolute;\" data-key=\"rs-86\" data-title=\"Slide\" data-duration=\"4500\" data-anim=\"ms:500;r:0;\" data-in=\"o:0;\" data-out=\"a:false;\">\n\t\t\t\t\t\t\t<img decoding=\"async\" src=\"\/\/kmet.brandinum.agency\/wp-content\/plugins\/revslider\/sr6\/assets\/assets\/dummy.png\" alt=\"\" title=\"Foto Olev Mihkelmaa_066\" width=\"1000\" height=\"667\" class=\"rev-slidebg tp-rs-img rs-lazyload\" data-lazyload=\"\/\/kmet.brandinum.agency\/wp-content\/uploads\/2020\/09\/Foto-Olev-Mihkelmaa_066.jpg\" data-parallax=\"14\" data-panzoom=\"d:10000;e:power1.out;ss:120%;se:100;\" data-no-retina>\n<!---->\t\t\t\t\t<\/rs-slide>\n\t\t\t\t\t<\/rs-slides>\n\t\t\t\t<\/rs-module>\n\t\t\t\t<script>\n\t\t\t\t\tsetREVStartSize({c: 'rev_slider_9_3',rl:[1240,1024,768,480],el:[827,600,600,480],gw:[1240,1024,778,480],gh:[827,683,519,480],type:'standard',justify:'',layout:'fullwidth',mh:\"0\"});if (window.RS_MODULES!==undefined && window.RS_MODULES.modules!==undefined && window.RS_MODULES.modules[\"revslider93\"]!==undefined) {window.RS_MODULES.modules[\"revslider93\"].once = false;window.revapi9_3 = undefined;if (window.RS_MODULES.checkMinimal!==undefined) window.RS_MODULES.checkMinimal()}\n\t\t\t\t<\/script>\n\t\t\t<\/rs-module-wrap>\n\t\t\t<!-- END REVOLUTION SLIDER -->\n[\/vc_column_inner][\/vc_row_inner][\/vc_column][\/vc_row][vc_row full_width=&#8221;stretch_row&#8221; css=&#8221;.vc_custom_1571786605336{border-top-width: 0px !important;border-right-width: 0px !important;border-left-width: 0px !important;padding-top: 0px !important;padding-bottom: 20px !important;background-color: #eef4ff !important;border-left-color: #e31726 !important;border-left-style: solid !important;border-right-color: #e31726 !important;border-right-style: solid !important;border-top-color: #e31726 !important;border-top-style: solid !important;}&#8221;][vc_column][lab_portfolio_items category_filter=&#8221;no&#8221; columns=&#8221;6&#8243; reveal_effect=&#8221;none&#8221; portfolio_query=&#8221;size:12|order_by:menu_order|order:ASC|post_type:page|by_id:375,341,44,51,56,60,64,69&#8243;][\/vc_column][\/vc_row]<\/p>\n<\/div>","protected":false},"excerpt":{"rendered":"<p>[vc_row css=&#8221;.vc_custom_1571781721087{padding-top: 60px !important;padding-bottom: 40px !important;background-image: url(https:\/\/kmet.brandinum.agency\/wp-content\/uploads\/2019\/10\/net_01.svg?id=2731) !important;background-position: 0 0 !important;background-repeat: no-repeat !important;}&#8221;][vc_column][vc_row_inner container_type=&#8221;fluid&#8221;][vc_column_inner width=&#8221;1\/2&#8243;][vc_column_text] Materiaalin valmistelu [\/vc_column_text][vc_separator color=&#8221;custom&#8221; align=&#8221;align_left&#8221; border_width=&#8221;3&#8243; el_width=&#8221;10&#8243; accent_color=&#8221;#e31726&#8243;][vc_column_text]Langansuoristus- ja jatkamislaite enint\u00e4\u00e4n 8 mm langalle Vannesaha \u2013 sahausmitta enint\u00e4\u00e4n 280 mm Giljotiinisakset \u2013 ter\u00e4slevyn paksuus enint\u00e4\u00e4n 6 mm, leveys enint\u00e4\u00e4n 3 m[\/vc_column_text][\/vc_column_inner][vc_column_inner width=&#8221;1\/2&#8243;][\/vc_column_inner][\/vc_row_inner][\/vc_column][\/vc_row][vc_row full_width=&#8221;stretch_row&#8221; css=&#8221;.vc_custom_1571786605336{border-top-width: 0px !important;border-right-width: 0px !important;border-left-width: 0px !important;padding-top:&hellip;<\/p>\n","protected":false},"author":2,"featured_media":2923,"parent":21,"menu_order":0,"comment_status":"closed","ping_status":"closed","template":"","meta":{"_acf_changed":false,"footnotes":""},"acf":[],"_links":{"self":[{"href":"https:\/\/kmet.brandinum.agency\/fi\/wp-json\/wp\/v2\/pages\/56"}],"collection":[{"href":"https:\/\/kmet.brandinum.agency\/fi\/wp-json\/wp\/v2\/pages"}],"about":[{"href":"https:\/\/kmet.brandinum.agency\/fi\/wp-json\/wp\/v2\/types\/page"}],"author":[{"embeddable":true,"href":"https:\/\/kmet.brandinum.agency\/fi\/wp-json\/wp\/v2\/users\/2"}],"replies":[{"embeddable":true,"href":"https:\/\/kmet.brandinum.agency\/fi\/wp-json\/wp\/v2\/comments?post=56"}],"version-history":[{"count":26,"href":"https:\/\/kmet.brandinum.agency\/fi\/wp-json\/wp\/v2\/pages\/56\/revisions"}],"predecessor-version":[{"id":3060,"href":"https:\/\/kmet.brandinum.agency\/fi\/wp-json\/wp\/v2\/pages\/56\/revisions\/3060"}],"up":[{"embeddable":true,"href":"https:\/\/kmet.brandinum.agency\/fi\/wp-json\/wp\/v2\/pages\/21"}],"wp:featuredmedia":[{"embeddable":true,"href":"https:\/\/kmet.brandinum.agency\/fi\/wp-json\/wp\/v2\/media\/2923"}],"wp:attachment":[{"href":"https:\/\/kmet.brandinum.agency\/fi\/wp-json\/wp\/v2\/media?parent=56"}],"curies":[{"name":"wp","href":"https:\/\/api.w.org\/{rel}","templated":true}]}}