{"id":6,"date":"2015-12-08T07:51:34","date_gmt":"2015-12-08T07:51:34","guid":{"rendered":"https:\/\/kmet.brandinum.agency\/?page_id=6"},"modified":"2024-07-04T14:29:53","modified_gmt":"2024-07-04T11:29:53","slug":"avaleht","status":"publish","type":"page","link":"https:\/\/kmet.brandinum.agency\/fi\/","title":{"rendered":"Yhteystiedot"},"content":{"rendered":"<div class=\"wpb-content-wrapper\"><p>[vc_row full_width=&#8221;stretch_row&#8221; css=&#8221;.vc_custom_1601647534071{padding-top: 0px !important;background-color: #eef4ff !important;}&#8221;][vc_column css=&#8221;.vc_custom_1569155900661{padding-top: 0px !important;}&#8221;]\n\t\t\t<!-- START Slider 2  FI REVOLUTION SLIDER 6.7.13 --><p class=\"rs-p-wp-fix\"><\/p>\n\t\t\t<rs-module-wrap id=\"rev_slider_5_3_wrapper\" data-source=\"gallery\" style=\"visibility:hidden;background:#eef4ff;padding:0;margin:0px auto;margin-top:0;margin-bottom:0;\">\n\t\t\t\t<rs-module id=\"rev_slider_5_3\" style=\"\" data-version=\"6.7.13\">\n\t\t\t\t\t<rs-slides style=\"overflow: hidden; position: absolute;\">\n\t\t\t\t\t\t<rs-slide style=\"position: absolute;\" data-key=\"rs-49\" data-title=\"Slide\" data-anim=\"ms:1000;r:0;\" data-in=\"o:0;\" data-out=\"a:false;\">\n\t\t\t\t\t\t\t<img decoding=\"async\" src=\"\/\/kmet.brandinum.agency\/wp-content\/plugins\/revslider\/sr6\/assets\/assets\/dummy.png\" alt=\"\" title=\"slider-3\" width=\"2200\" height=\"1201\" class=\"rev-slidebg tp-rs-img rs-lazyload\" data-lazyload=\"\/\/kmet.brandinum.agency\/wp-content\/uploads\/2020\/08\/slider-3.jpg\" data-parallax=\"14\" data-panzoom=\"d:10000;e:power1.out;ss:120%;se:100;\" data-no-retina>\n<!--\n\t\t\t\t\t\t\t--><rs-layer\n\t\t\t\t\t\t\t\tid=\"slider-5-slide-49-layer-2\" \n\t\t\t\t\t\t\t\tdata-type=\"shape\"\n\t\t\t\t\t\t\t\tdata-rsp_ch=\"on\"\n\t\t\t\t\t\t\t\tdata-xy=\"x:l,l,c,c;xo:20px,16px,0,0;y:m;\"\n\t\t\t\t\t\t\t\tdata-text=\"w:normal;s:20,16,12,7;l:0,20,15,9;\"\n\t\t\t\t\t\t\t\tdata-dim=\"w:#1\/2#,#1\/2#,80%,90%;h:#1\/2#,#1\/2#,40%,40%;\"\n\t\t\t\t\t\t\t\tdata-border=\"bor:5px,5px,5px,5px;\"\n\t\t\t\t\t\t\t\tdata-frame_999=\"o:0;st:w;\"\n\t\t\t\t\t\t\t\tstyle=\"z-index:8;background:linear-gradient(90deg, rgba(144,30,64,0.9) 0%, rgba(13,22,106,0.9) 100%);\"\n\t\t\t\t\t\t\t> \n\t\t\t\t\t\t\t<\/rs-layer><!--\n\n\t\t\t\t\t\t\t--><rs-layer\n\t\t\t\t\t\t\t\tid=\"slider-5-slide-49-layer-3\" \n\t\t\t\t\t\t\t\tdata-type=\"text\"\n\t\t\t\t\t\t\t\tdata-color=\"#fff\"\n\t\t\t\t\t\t\t\tdata-rsp_ch=\"on\"\n\t\t\t\t\t\t\t\tdata-xy=\"x:l,l,c,c;xo:20px,16px,0,0;y:m;\"\n\t\t\t\t\t\t\t\tdata-text=\"w:normal;s:40,33,30,26;l:40,33,25,15;ls:1,0,0,0;fw:500;a:center;\"\n\t\t\t\t\t\t\t\tdata-dim=\"w:#1\/2#,#1\/2#,#1\/2#,90%;minh:0px,none,none,none;\"\n\t\t\t\t\t\t\t\tdata-frame_999=\"o:0;st:w;\"\n\t\t\t\t\t\t\t\tstyle=\"z-index:9;font-family:'Roboto';\"\n\t\t\t\t\t\t\t>RAUTALANKATUOTTEET \n\t\t\t\t\t\t\t<\/rs-layer><!--\n-->\t\t\t\t\t<\/rs-slide>\n\t\t\t\t\t\t<rs-slide style=\"position: absolute;\" data-key=\"rs-50\" data-title=\"Slide\" data-anim=\"ms:1000;r:0;\" data-in=\"o:0;\" data-out=\"a:false;\">\n\t\t\t\t\t\t\t<img decoding=\"async\" src=\"\/\/kmet.brandinum.agency\/wp-content\/plugins\/revslider\/sr6\/assets\/assets\/dummy.png\" alt=\"\" title=\"slider-2\" width=\"2200\" height=\"1201\" class=\"rev-slidebg tp-rs-img rs-lazyload\" data-lazyload=\"\/\/kmet.brandinum.agency\/wp-content\/uploads\/2020\/08\/slider-2.jpg\" data-parallax=\"14\" data-panzoom=\"d:10000;e:power1.out;ss:120%;se:100;\" data-no-retina>\n<!--\n\t\t\t\t\t\t\t--><rs-layer\n\t\t\t\t\t\t\t\tid=\"slider-5-slide-50-layer-2\" \n\t\t\t\t\t\t\t\tdata-type=\"shape\"\n\t\t\t\t\t\t\t\tdata-rsp_ch=\"on\"\n\t\t\t\t\t\t\t\tdata-xy=\"x:l,l,c,c;xo:20px,16px,0,0;y:m;\"\n\t\t\t\t\t\t\t\tdata-text=\"w:normal;s:20,16,12,7;l:0,20,15,9;\"\n\t\t\t\t\t\t\t\tdata-dim=\"w:#1\/2#,#1\/2#,80%,90%;h:#1\/2#,#1\/2#,40%,40%;\"\n\t\t\t\t\t\t\t\tdata-border=\"bor:5px,5px,5px,5px;\"\n\t\t\t\t\t\t\t\tdata-frame_999=\"o:0;st:w;\"\n\t\t\t\t\t\t\t\tstyle=\"z-index:8;background:linear-gradient(90deg, rgba(144,30,64,0.9) 0%, rgba(13,22,106,0.9) 100%);\"\n\t\t\t\t\t\t\t> \n\t\t\t\t\t\t\t<\/rs-layer><!--\n\n\t\t\t\t\t\t\t--><rs-layer\n\t\t\t\t\t\t\t\tid=\"slider-5-slide-50-layer-3\" \n\t\t\t\t\t\t\t\tdata-type=\"text\"\n\t\t\t\t\t\t\t\tdata-color=\"#fff\"\n\t\t\t\t\t\t\t\tdata-rsp_ch=\"on\"\n\t\t\t\t\t\t\t\tdata-xy=\"x:l,l,c,c;xo:20px,16px,0,0;y:m;\"\n\t\t\t\t\t\t\t\tdata-text=\"w:normal;s:40,33,30,26;l:40,33,25,15;ls:1,0,0,0;fw:500;a:center;\"\n\t\t\t\t\t\t\t\tdata-dim=\"w:#1\/2#,#1\/2#,#1\/2#,90%;minh:0px,none,none,none;\"\n\t\t\t\t\t\t\t\tdata-frame_999=\"o:0;st:w;\"\n\t\t\t\t\t\t\t\tstyle=\"z-index:9;font-family:'Roboto';\"\n\t\t\t\t\t\t\t>RAUTALANKATUOTTEET \n\t\t\t\t\t\t\t<\/rs-layer><!--\n-->\t\t\t\t\t<\/rs-slide>\n\t\t\t\t\t\t<rs-slide style=\"position: absolute;\" data-key=\"rs-51\" data-title=\"Slide\" data-anim=\"ms:1000;r:0;\" data-in=\"o:0;\" data-out=\"a:false;\">\n\t\t\t\t\t\t\t<img decoding=\"async\" src=\"\/\/kmet.brandinum.agency\/wp-content\/plugins\/revslider\/sr6\/assets\/assets\/dummy.png\" alt=\"\" title=\"slider-1\" width=\"2200\" height=\"1201\" class=\"rev-slidebg tp-rs-img rs-lazyload\" data-lazyload=\"\/\/kmet.brandinum.agency\/wp-content\/uploads\/2020\/08\/slider-1.jpg\" data-parallax=\"14\" data-panzoom=\"d:10000;e:power1.out;ss:120%;se:100;\" data-no-retina>\n<!--\n\t\t\t\t\t\t\t--><rs-layer\n\t\t\t\t\t\t\t\tid=\"slider-5-slide-51-layer-2\" \n\t\t\t\t\t\t\t\tdata-type=\"shape\"\n\t\t\t\t\t\t\t\tdata-rsp_ch=\"on\"\n\t\t\t\t\t\t\t\tdata-xy=\"x:l,l,c,c;xo:20px,16px,0,0;y:m;\"\n\t\t\t\t\t\t\t\tdata-text=\"w:normal;s:20,16,12,7;l:0,20,15,9;\"\n\t\t\t\t\t\t\t\tdata-dim=\"w:#1\/2#,#1\/2#,80%,90%;h:#1\/2#,#1\/2#,40%,40%;\"\n\t\t\t\t\t\t\t\tdata-border=\"bor:5px,5px,5px,5px;\"\n\t\t\t\t\t\t\t\tdata-frame_999=\"o:0;st:w;\"\n\t\t\t\t\t\t\t\tstyle=\"z-index:8;background:linear-gradient(90deg, rgba(144,30,64,0.9) 0%, rgba(13,22,106,0.9) 100%);\"\n\t\t\t\t\t\t\t> \n\t\t\t\t\t\t\t<\/rs-layer><!--\n\n\t\t\t\t\t\t\t--><rs-layer\n\t\t\t\t\t\t\t\tid=\"slider-5-slide-51-layer-3\" \n\t\t\t\t\t\t\t\tdata-type=\"text\"\n\t\t\t\t\t\t\t\tdata-color=\"#fff\"\n\t\t\t\t\t\t\t\tdata-rsp_ch=\"on\"\n\t\t\t\t\t\t\t\tdata-xy=\"x:l,l,c,c;xo:20px,16px,0,0;y:m;\"\n\t\t\t\t\t\t\t\tdata-text=\"w:normal;s:40,33,30,26;l:40,33,25,15;ls:1,0,0,0;fw:500;a:center;\"\n\t\t\t\t\t\t\t\tdata-dim=\"w:#1\/2#,#1\/2#,#1\/2#,90%;minh:0px,none,none,none;\"\n\t\t\t\t\t\t\t\tdata-frame_999=\"o:0;st:w;\"\n\t\t\t\t\t\t\t\tstyle=\"z-index:9;font-family:'Roboto';\"\n\t\t\t\t\t\t\t>RAUTALANKATUOTTEET \n\t\t\t\t\t\t\t<\/rs-layer><!--\n-->\t\t\t\t\t<\/rs-slide>\n\t\t\t\t\t\t<rs-slide style=\"position: absolute;\" data-key=\"rs-52\" data-title=\"Slide\" data-anim=\"ms:1000;r:0;\" data-in=\"o:0;\" data-out=\"a:false;\">\n\t\t\t\t\t\t\t<img decoding=\"async\" src=\"\/\/kmet.brandinum.agency\/wp-content\/plugins\/revslider\/sr6\/assets\/assets\/dummy.png\" alt=\"\" title=\"slider\" width=\"2200\" height=\"1201\" class=\"rev-slidebg tp-rs-img rs-lazyload\" data-lazyload=\"\/\/kmet.brandinum.agency\/wp-content\/uploads\/2020\/08\/slider.jpg\" data-parallax=\"14\" data-panzoom=\"d:10000;e:power1.out;ss:120%;se:100;\" data-no-retina>\n<!--\n\t\t\t\t\t\t\t--><rs-layer\n\t\t\t\t\t\t\t\tid=\"slider-5-slide-52-layer-2\" \n\t\t\t\t\t\t\t\tdata-type=\"shape\"\n\t\t\t\t\t\t\t\tdata-rsp_ch=\"on\"\n\t\t\t\t\t\t\t\tdata-xy=\"x:l,l,c,c;xo:20px,16px,0,0;y:m;\"\n\t\t\t\t\t\t\t\tdata-text=\"w:normal;s:20,16,12,7;l:0,20,15,9;\"\n\t\t\t\t\t\t\t\tdata-dim=\"w:#1\/2#,#1\/2#,80%,90%;h:#1\/2#,#1\/2#,40%,40%;\"\n\t\t\t\t\t\t\t\tdata-border=\"bor:5px,5px,5px,5px;\"\n\t\t\t\t\t\t\t\tdata-frame_999=\"o:0;st:w;\"\n\t\t\t\t\t\t\t\tstyle=\"z-index:8;background:linear-gradient(90deg, rgba(144,30,64,0.9) 0%, rgba(13,22,106,0.9) 100%);\"\n\t\t\t\t\t\t\t> \n\t\t\t\t\t\t\t<\/rs-layer><!--\n\n\t\t\t\t\t\t\t--><rs-layer\n\t\t\t\t\t\t\t\tid=\"slider-5-slide-52-layer-3\" \n\t\t\t\t\t\t\t\tdata-type=\"text\"\n\t\t\t\t\t\t\t\tdata-color=\"#fff\"\n\t\t\t\t\t\t\t\tdata-rsp_ch=\"on\"\n\t\t\t\t\t\t\t\tdata-xy=\"x:l,l,c,c;xo:20px,16px,0,0;y:m;\"\n\t\t\t\t\t\t\t\tdata-text=\"w:normal;s:40,33,30,26;l:40,33,25,15;ls:1,0,0,0;fw:500;a:center;\"\n\t\t\t\t\t\t\t\tdata-dim=\"w:#1\/2#,#1\/2#,#1\/2#,90%;minh:0px,none,none,none;\"\n\t\t\t\t\t\t\t\tdata-frame_999=\"o:0;st:w;\"\n\t\t\t\t\t\t\t\tstyle=\"z-index:9;font-family:'Roboto';\"\n\t\t\t\t\t\t\t>RAUTALANKATUOTTEET \n\t\t\t\t\t\t\t<\/rs-layer><!--\n-->\t\t\t\t\t<\/rs-slide>\n\t\t\t\t\t\t<rs-slide style=\"position: absolute;\" data-key=\"rs-53\" data-title=\"Slide\" data-anim=\"ms:1000;r:0;\" data-in=\"o:0;\" data-out=\"a:false;\">\n\t\t\t\t\t\t\t<img decoding=\"async\" src=\"\/\/kmet.brandinum.agency\/wp-content\/plugins\/revslider\/sr6\/assets\/assets\/dummy.png\" alt=\"\" title=\"slider-4\" width=\"2200\" height=\"1201\" class=\"rev-slidebg tp-rs-img rs-lazyload\" data-lazyload=\"\/\/kmet.brandinum.agency\/wp-content\/uploads\/2020\/08\/slider-4.jpg\" data-parallax=\"14\" data-panzoom=\"d:10000;e:power1.out;ss:120%;se:100;\" data-no-retina>\n<!--\n\t\t\t\t\t\t\t--><rs-layer\n\t\t\t\t\t\t\t\tid=\"slider-5-slide-53-layer-2\" \n\t\t\t\t\t\t\t\tdata-type=\"shape\"\n\t\t\t\t\t\t\t\tdata-rsp_ch=\"on\"\n\t\t\t\t\t\t\t\tdata-xy=\"x:l,l,c,c;xo:20px,16px,0,0;y:m;\"\n\t\t\t\t\t\t\t\tdata-text=\"w:normal;s:20,16,12,7;l:0,20,15,9;\"\n\t\t\t\t\t\t\t\tdata-dim=\"w:#1\/2#,#1\/2#,80%,90%;h:#1\/2#,#1\/2#,40%,40%;\"\n\t\t\t\t\t\t\t\tdata-border=\"bor:5px,5px,5px,5px;\"\n\t\t\t\t\t\t\t\tdata-frame_999=\"o:0;st:w;\"\n\t\t\t\t\t\t\t\tstyle=\"z-index:8;background:linear-gradient(90deg, rgba(144,30,64,0.9) 0%, rgba(13,22,106,0.9) 100%);\"\n\t\t\t\t\t\t\t> \n\t\t\t\t\t\t\t<\/rs-layer><!--\n\n\t\t\t\t\t\t\t--><rs-layer\n\t\t\t\t\t\t\t\tid=\"slider-5-slide-53-layer-3\" \n\t\t\t\t\t\t\t\tdata-type=\"text\"\n\t\t\t\t\t\t\t\tdata-color=\"#fff\"\n\t\t\t\t\t\t\t\tdata-rsp_ch=\"on\"\n\t\t\t\t\t\t\t\tdata-xy=\"x:l,l,c,c;xo:20px,16px,0,0;y:m;\"\n\t\t\t\t\t\t\t\tdata-text=\"w:normal;s:40,33,30,26;l:40,33,25,15;ls:1,0,0,0;fw:500;a:center;\"\n\t\t\t\t\t\t\t\tdata-dim=\"w:#1\/2#,#1\/2#,#1\/2#,90%;minh:0px,none,none,none;\"\n\t\t\t\t\t\t\t\tdata-frame_999=\"o:0;st:w;\"\n\t\t\t\t\t\t\t\tstyle=\"z-index:9;font-family:'Roboto';\"\n\t\t\t\t\t\t\t>RAUTALANKATUOTTEET \n\t\t\t\t\t\t\t<\/rs-layer><!--\n-->\t\t\t\t\t<\/rs-slide>\n\t\t\t\t\t<\/rs-slides>\n\t\t\t\t<\/rs-module>\n\t\t\t\t<script>\n\t\t\t\t\tsetREVStartSize({c: 'rev_slider_5_3',rl:[1240,1024,768,480],el:[400,360,320,197],gw:[1240,1024,778,480],gh:[400,360,320,300],type:'standard',justify:'',layout:'fullwidth',mh:\"0\"});if (window.RS_MODULES!==undefined && window.RS_MODULES.modules!==undefined && window.RS_MODULES.modules[\"revslider53\"]!==undefined) {window.RS_MODULES.modules[\"revslider53\"].once = false;window.revapi5 = undefined;if (window.RS_MODULES.checkMinimal!==undefined) window.RS_MODULES.checkMinimal()}\n\t\t\t\t<\/script>\n\t\t\t<\/rs-module-wrap>\n\t\t\t<!-- END REVOLUTION SLIDER -->\n[\/vc_column][\/vc_row][vc_row css=&#8221;.vc_custom_1571781721087{padding-top: 60px !important;padding-bottom: 40px !important;background-image: url(https:\/\/kmet.brandinum.agency\/wp-content\/uploads\/2019\/10\/net_01.svg?id=2731) !important;background-position: 0 0 !important;background-repeat: no-repeat !important;}&#8221;][vc_column][vc_row_inner container_type=&#8221;fluid&#8221;][vc_column_inner width=&#8221;2\/3&#8243;][vc_column_text]<\/p>\n<h2>K.MET AS on vuonna 1991 perustettu tuotantoyritys, joka sijaitsee 125 km Tallinnasta P\u00e4rnumaalla L\u00e4\u00e4nerannan kunnassa, K\u00f5msilla.<\/h2>\n<p>[\/vc_column_text][vc_separator color=&#8221;custom&#8221; align=&#8221;align_left&#8221; border_width=&#8221;3&#8243; el_width=&#8221;10&#8243; accent_color=&#8221;#e31726&#8243;][\/vc_column_inner][vc_column_inner width=&#8221;1\/3&#8243;][vc_column_text]Tuotamme rautalankatuotteita asiakkaan toiveiden mukaisesti. Rautalankatuotteiden parissa on K\u00f5msilla toimittu yli 50 vuotta. My\u00f6hemmin ovat tulleet mukaan putket ja metallilevyt sek\u00e4 jauhemaalaus. Vuonna 2009 aloitimme ruostumattomien ter\u00e4stuotteiden tuotannon. Tuotteitamme myymme Suomeen, Ruotsiin, Tanskaan, Latviaan, Liettuaan, It\u00e4valtaan ja Viroon.[\/vc_column_text][\/vc_column_inner][\/vc_row_inner][vc_column_text]<a href=\"https:\/\/www.google.com\/maps\/place\/K.MET+AS\/@58.6208616,23.5584686,12z\/data=!4m5!3m4!1s0x0:0x4c0e09481a23e686!8m2!3d58.6259786!4d23.6313612?hl=et\" target=\"_blank\" rel=\"noopener noreferrer\">Katso sijainti<\/a>\u00a0\u00a0\u00a0<span class=\"vc_btn3-icon fa fa-long-arrow-right\">\u00a0<\/span>[\/vc_column_text][\/vc_column][\/vc_row][vc_row full_width=&#8221;stretch_row&#8221; css=&#8221;.vc_custom_1569147619254{border-top-width: 0px !important;border-right-width: 0px !important;border-left-width: 0px !important;padding-top: 40px !important;padding-bottom: 0px !important;background-color: #eef4ff !important;border-left-color: #e31726 !important;border-left-style: solid !important;border-right-color: #e31726 !important;border-right-style: solid !important;border-top-color: #e31726 !important;border-top-style: solid !important;}&#8221;][vc_column][vc_row_inner container_type=&#8221;fluid&#8221; disable_element=&#8221;yes&#8221;][vc_column_inner width=&#8221;1\/2&#8243;][vc_column_text]<\/p>\n<h1>TUOTTEET<\/h1>\n<p>[\/vc_column_text][\/vc_column_inner][vc_column_inner width=&#8221;1\/4&#8243;][\/vc_column_inner][vc_column_inner width=&#8221;1\/4&#8243;][vc_btn title=&#8221;N\u00e4yt\u00e4 kaikki tuotteet&#8221; style=&#8221;flat&#8221; color=&#8221;white&#8221; align=&#8221;center&#8221; i_align=&#8221;right&#8221; i_icon_fontawesome=&#8221;fa fa-long-arrow-right&#8221; button_block=&#8221;true&#8221; add_icon=&#8221;true&#8221; el_class=&#8221;send&#8221;][\/vc_column_inner][\/vc_row_inner][vc_row_inner container_type=&#8221;fluid&#8221;][vc_column_inner width=&#8221;2\/3&#8243;][vc_column_text]<\/p>\n<h1>TUOTTEET<\/h1>\n<p>[\/vc_column_text][vc_separator color=&#8221;custom&#8221; align=&#8221;align_left&#8221; border_width=&#8221;3&#8243; el_width=&#8221;10&#8243; accent_color=&#8221;#e31726&#8243;][\/vc_column_inner][vc_column_inner width=&#8221;1\/3&#8243;][vc_column_text]<\/p>\n<p style=\"text-align: right;\"><a href=\"https:\/\/kmet.brandinum.agency\/fi\/tuotteet-3\/\">N\u00e4yt\u00e4 kaikki tuotteet<\/a>\u00a0\u00a0\u00a0<span class=\"vc_btn3-icon fa fa-long-arrow-right\">\u00a0<\/span><\/p>\n<p>[\/vc_column_text][\/vc_column_inner][\/vc_row_inner][lab_portfolio_items portfolio_query=&#8221;size:20|order_by:date|order:DESC|post_type:portfolio&#8221;][vc_row_inner container_type=&#8221;fluid&#8221; disable_element=&#8221;yes&#8221; css=&#8221;.vc_custom_1569092341769{padding-top: 30px !important;padding-bottom: 50px !important;}&#8221;][vc_column_inner width=&#8221;1\/2&#8243;][vc_column_text]<\/p>\n<h4>Valmistamme liikeasiakkaillemme ter\u00e4slanka- ja ruostumattomia ter\u00e4slankatuotteita (hitsatut verkot, korit, myyntihyllyt, kauppojen sisustukset, taivutetut 3D-lankatuotteet, kontit, k\u00e4rryt jne.). Lis\u00e4\u00e4mme tarvittaessa putki- tai metallilevyosia. Tarjoamme tuotteiden pintaviimeistelyksi jauhemaalausta ja ostopalveluna galvanointia ja kuumasinkityst\u00e4.<\/h4>\n<p>[\/vc_column_text][\/vc_column_inner][vc_column_inner width=&#8221;1\/4&#8243;][\/vc_column_inner][vc_column_inner width=&#8221;1\/4&#8243;][vc_btn title=&#8221;L\u00e4het\u00e4 kysely&#8221; style=&#8221;gradient-custom&#8221; gradient_custom_color_1=&#8221;#901e40&#8243; gradient_custom_color_2=&#8221;#0d166a&#8221; align=&#8221;center&#8221; i_align=&#8221;right&#8221; i_icon_fontawesome=&#8221;fa fa-long-arrow-right&#8221; button_block=&#8221;true&#8221; add_icon=&#8221;true&#8221; el_class=&#8221;send&#8221;][\/vc_column_inner][\/vc_row_inner][vc_row_inner container_type=&#8221;fluid&#8221; content_placement=&#8221;top&#8221; css=&#8221;.vc_custom_1569154984817{padding-top: 30px !important;padding-bottom: 50px !important;}&#8221;][vc_column_inner width=&#8221;1\/2&#8243;][vc_column_text]<strong>Valmistamme liikeasiakkaillemme ter\u00e4slanka- ja ruostumattomia ter\u00e4slankatuotteita (hitsatut verkot, korit, myyntihyllyt, kauppojen sisustukset, taivutetut 3D-lankatuotteet, kontit, k\u00e4rryt jne.). Lis\u00e4\u00e4mme tarvittaessa putki- tai metallilevyosia. Tarjoamme tuotteiden pintaviimeistelyksi jauhemaalausta ja ostopalveluna galvanointia ja kuumasinkityst\u00e4.<\/strong>[\/vc_column_text][\/vc_column_inner][vc_column_inner width=&#8221;1\/4&#8243;][\/vc_column_inner][vc_column_inner width=&#8221;1\/4&#8243;][vc_btn title=&#8221;L\u00e4het\u00e4 kysely&#8221; style=&#8221;gradient-custom&#8221; gradient_custom_color_1=&#8221;#901e40&#8243; gradient_custom_color_2=&#8221;#0d166a&#8221; align=&#8221;center&#8221; i_align=&#8221;right&#8221; i_icon_fontawesome=&#8221;fa fa-long-arrow-right&#8221; button_block=&#8221;true&#8221; add_icon=&#8221;true&#8221; el_class=&#8221;send&#8221; link=&#8221;url:https%3A%2F%2Fkmet.brandinum.agency%2Ffi%2Fyhteystiedot-2%2F|||&#8221;][\/vc_column_inner][\/vc_row_inner][\/vc_column][\/vc_row][vc_row css=&#8221;.vc_custom_1569166021802{padding-top: 80px !important;padding-bottom: 20px !important;}&#8221;][vc_column][vc_row_inner container_type=&#8221;fluid&#8221; css=&#8221;.vc_custom_1569165719954{padding-top: 0px !important;}&#8221;][vc_column_inner width=&#8221;2\/3&#8243;][vc_column_text]<\/p>\n<h1>UUTISET<\/h1>\n<p>[\/vc_column_text][vc_separator color=&#8221;custom&#8221; align=&#8221;align_left&#8221; border_width=&#8221;3&#8243; el_width=&#8221;10&#8243; accent_color=&#8221;#e31726&#8243;][\/vc_column_inner][vc_column_inner width=&#8221;1\/3&#8243;][vc_column_text]<\/p>\n<p style=\"text-align: right;\"><a href=\"https:\/\/kmet.brandinum.agency\/ettevottest\/uudised\/\">Lue kaikki uutiset<\/a>\u00a0\u00a0\u00a0<span class=\"vc_btn3-icon fa fa-long-arrow-right\">\u00a0<\/span><\/p>\n<p>[\/vc_column_text][\/vc_column_inner][\/vc_row_inner][lab_blog_posts layout=&#8221;left&#8221; blog_posts_options=&#8221;date,excerpt&#8221; hover_layer_icon=&#8221;static&#8221; blog_query=&#8221;size:3|order_by:date|order:DESC|post_type:,post&#8221; image_size=&#8221;200&#8243;][\/vc_column][\/vc_row][vc_row full_width=&#8221;stretch_row&#8221; css=&#8221;.vc_custom_1569166506886{padding-top: 80px !important;padding-bottom: 70px !important;background-color: #fbf0f0 !important;background-position: center !important;background-repeat: no-repeat !important;background-size: cover !important;}&#8221;][vc_column css=&#8221;.vc_custom_1569165989795{padding-top: 0px !important;}&#8221;][vc_row_inner container_type=&#8221;fluid&#8221; css=&#8221;.vc_custom_1569165793873{margin-top: 0px !important;padding-top: 0px !important;}&#8221;][vc_column_inner width=&#8221;2\/3&#8243;][vc_column_text]<\/p>\n<h1>YHTEYSTIEDOT<\/h1>\n<p>[\/vc_column_text][vc_separator color=&#8221;custom&#8221; align=&#8221;align_left&#8221; border_width=&#8221;3&#8243; el_width=&#8221;10&#8243; accent_color=&#8221;#e31726&#8243;][\/vc_column_inner][vc_column_inner width=&#8221;1\/3&#8243;][vc_column_text]<\/p>\n<p style=\"text-align: right;\"><a href=\"https:\/\/kmet.brandinum.agency\/kontakt\/\">Katso lis\u00e4\u00e4<\/a>\u00a0\u00a0\u00a0<span class=\"vc_btn3-icon fa fa-long-arrow-right\">\u00a0<\/span><\/p>\n<p>[\/vc_column_text][\/vc_column_inner][\/vc_row_inner][vc_row_inner container_type=&#8221;fluid&#8221;][vc_column_inner width=&#8221;1\/4&#8243;][vc_column_text]<\/p>\n<h3>Myynti<\/h3>\n<p>Puhelin: +372 472 0505<br \/>\nGSM: +372 5049 537<br \/>\nE-mail: <a href=\"&#x6d;&#97;&#105;&#x6c;&#x74;&#111;&#58;&#x69;&#x6e;&#102;&#111;&#x40;&#x6b;&#109;&#101;&#x74;&#x2e;&#101;&#101;\">i&#110;&#x66;&#x6f;&#64;&#107;&#x6d;&#x65;t&#46;&#x65;&#x65;<\/a>[\/vc_column_text][\/vc_column_inner][vc_column_inner width=&#8221;1\/4&#8243;][vc_column_text]<\/p>\n<h3>Yleistieto<\/h3>\n<p>K.MET AS<br \/>\nK\u00f5msi tee 17<br \/>\n90102 K\u00f5msi L\u00e4\u00e4neranna vald<br \/>\nP\u00e4rnu maakond<\/p>\n<p>Puhelin: +372 477 5380<br \/>\nE-mail: <a href=\"&#x6d;&#97;i&#x6c;&#x74;&#111;:&#x6b;&#x6d;&#101;t&#x40;&#107;m&#x65;&#x74;&#46;e&#x65;\">&#107;&#x6d;&#x65;&#116;&#x40;&#x6b;m&#x65;&#x74;&#46;&#101;&#x65;<\/a>[\/vc_column_text][\/vc_column_inner][vc_column_inner width=&#8221;1\/2&#8243;][vc_column_text]<\/p>\n<h3>Sijainti<\/h3>\n<p>[\/vc_column_text][lab_google_map height=&#8221;240&#8243; zoom=&#8221;7&#8243; map_controls=&#8221;fullscreenControl&#8221;][lab_google_map_location marker_image=&#8221;3184&#8243; retina_marker=&#8221;yes&#8221; latitude=&#8221;58.625980&#8243; longitude=&#8221;23.631330&#8243; marker_title=&#8221;K.MET AS&#8221; marker_description=&#8221;#E-8_SyVDMyVCNW1zaSUyMHRlZSUyMDE3JTJDJTIwSyVDMyVCNW1zaSUyQyUyMDkwMTAyJTIwUCVDMyVBNHJudSUyMG1hYWtvbmQlMEElM0NhJTIwaHJlZiUzRCUyMmh0dHBzJTNBJTJGJTJGZ29vLmdsJTJGbWFwcyUyRnAyQ1huV0xIQlZHeTV1cWQ2JTIyJTIwdGFyZ2V0JTNEJTIyX2JsYW5rJTIyJTIwc3R5bGUlM0QlMjJmb250LXdlaWdodCUzQSUyMDcwMCUzQiUyMGNvbG9yJTNBJTIwJTIzMGQxNjZhJTNCJTIyJTNFT2hqZWV0JTNDJTJGYSUzRQ==&#8221;][\/lab_google_map][\/vc_column_inner][\/vc_row_inner][\/vc_column][\/vc_row]<\/p>\n<\/div>","protected":false},"excerpt":{"rendered":"<p>[vc_row full_width=&#8221;stretch_row&#8221; css=&#8221;.vc_custom_1601647534071{padding-top: 0px !important;background-color: #eef4ff !important;}&#8221;][vc_column css=&#8221;.vc_custom_1569155900661{padding-top: 0px !important;}&#8221;][\/vc_column][\/vc_row][vc_row css=&#8221;.vc_custom_1571781721087{padding-top: 60px !important;padding-bottom: 40px !important;background-image: url(https:\/\/kmet.brandinum.agency\/wp-content\/uploads\/2019\/10\/net_01.svg?id=2731) !important;background-position: 0 0 !important;background-repeat: no-repeat !important;}&#8221;][vc_column][vc_row_inner container_type=&#8221;fluid&#8221;][vc_column_inner width=&#8221;2\/3&#8243;][vc_column_text] K.MET AS on vuonna 1991 perustettu tuotantoyritys, joka sijaitsee 125 km Tallinnasta P\u00e4rnumaalla L\u00e4\u00e4nerannan kunnassa, K\u00f5msilla. [\/vc_column_text][vc_separator color=&#8221;custom&#8221; align=&#8221;align_left&#8221; border_width=&#8221;3&#8243; el_width=&#8221;10&#8243; accent_color=&#8221;#e31726&#8243;][\/vc_column_inner][vc_column_inner width=&#8221;1\/3&#8243;][vc_column_text]Tuotamme rautalankatuotteita asiakkaan toiveiden mukaisesti. Rautalankatuotteiden parissa on K\u00f5msilla&hellip;<\/p>\n","protected":false},"author":2,"featured_media":0,"parent":0,"menu_order":0,"comment_status":"closed","ping_status":"closed","template":"","meta":{"_acf_changed":false,"footnotes":""},"acf":[],"_links":{"self":[{"href":"https:\/\/kmet.brandinum.agency\/fi\/wp-json\/wp\/v2\/pages\/6"}],"collection":[{"href":"https:\/\/kmet.brandinum.agency\/fi\/wp-json\/wp\/v2\/pages"}],"about":[{"href":"https:\/\/kmet.brandinum.agency\/fi\/wp-json\/wp\/v2\/types\/page"}],"author":[{"embeddable":true,"href":"https:\/\/kmet.brandinum.agency\/fi\/wp-json\/wp\/v2\/users\/2"}],"replies":[{"embeddable":true,"href":"https:\/\/kmet.brandinum.agency\/fi\/wp-json\/wp\/v2\/comments?post=6"}],"version-history":[{"count":314,"href":"https:\/\/kmet.brandinum.agency\/fi\/wp-json\/wp\/v2\/pages\/6\/revisions"}],"predecessor-version":[{"id":3229,"href":"https:\/\/kmet.brandinum.agency\/fi\/wp-json\/wp\/v2\/pages\/6\/revisions\/3229"}],"wp:attachment":[{"href":"https:\/\/kmet.brandinum.agency\/fi\/wp-json\/wp\/v2\/media?parent=6"}],"curies":[{"name":"wp","href":"https:\/\/api.w.org\/{rel}","templated":true}]}}